{"id":26108,"date":"2025-09-26T13:29:52","date_gmt":"2025-09-26T12:29:52","guid":{"rendered":"https:\/\/2024.memoriaecotic.com\/bienvenidos\/talento\/"},"modified":"2025-10-08T10:43:48","modified_gmt":"2025-10-08T09:43:48","slug":"talent","status":"publish","type":"page","link":"https:\/\/2024.memoriaecotic.com\/en\/02-commitment\/talent\/","title":{"rendered":"Talent"},"content":{"rendered":"<p>[vc_row css_animation=&#8221;&#8221; row_type=&#8221;row&#8221; use_row_as_full_screen_section=&#8221;no&#8221; type=&#8221;grid&#8221; angled_section=&#8221;no&#8221; text_align=&#8221;left&#8221; background_image_as_pattern=&#8221;without_pattern&#8221; background_color=&#8221;#f6f6f6&#8243; z_index=&#8221;&#8221;][vc_column width=&#8221;1\/6&#8243;][\/vc_column][vc_column width=&#8221;2\/3&#8243;][vc_separator type=&#8221;transparent&#8221; thickness=&#8221;20&#8243;][vc_separator type=&#8221;transparent&#8221; thickness=&#8221;20&#8243;][vc_separator type=&#8221;transparent&#8221; thickness=&#8221;20&#8243;][vc_column_text css=&#8221;.vc_custom_1759757811655{padding-right: 15px !important;padding-left: 15px !important;}&#8221;]<\/p>\n<h2 class=\"p1\" style=\"text-align: center;\">Talent<\/h2>\n<p>[\/vc_column_text][vc_separator type=&#8221;transparent&#8221; thickness=&#8221;20&#8243;][vc_column_text css=&#8221;.vc_custom_1759757826245{padding-right: 15px !important;padding-left: 15px !important;}&#8221;]<\/p>\n<h5 class=\"p1\" style=\"text-align: center;\">None of this would be possible without the people who make up ECOTIC. More than professionals, they are individuals who bring talent, vision and dedication to drive innovation and teamwork.<\/h5>\n<p>[\/vc_column_text][vc_separator type=&#8221;transparent&#8221; thickness=&#8221;20&#8243;][vc_separator type=&#8221;transparent&#8221; thickness=&#8221;20&#8243;][vc_separator type=&#8221;transparent&#8221; thickness=&#8221;20&#8243;][\/vc_column][vc_column width=&#8221;1\/6&#8243;][\/vc_column][\/vc_row][vc_row css_animation=&#8221;&#8221; row_type=&#8221;row&#8221; use_row_as_full_screen_section=&#8221;no&#8221; type=&#8221;grid&#8221; angled_section=&#8221;no&#8221; text_align=&#8221;left&#8221; background_image_as_pattern=&#8221;without_pattern&#8221; background_color=&#8221;#ffffff&#8221; z_index=&#8221;&#8221;][vc_column width=&#8221;1\/6&#8243;][\/vc_column][vc_column width=&#8221;2\/3&#8243;][vc_separator type=&#8221;transparent&#8221; thickness=&#8221;20&#8243;][vc_separator type=&#8221;transparent&#8221; thickness=&#8221;20&#8243;][vc_column_text css=&#8221;.vc_custom_1759757854224{padding-right: 15px !important;padding-left: 15px !important;}&#8221;]<\/p>\n<p class=\"p1\">None of this would be possible without the people who make up ECOTIC. More than professionals, they are individuals who bring talent, vision and dedication to drive innovation and teamwork. From the Administration and Finance Department to the Projects and Companies Department and the Operations Department, everyone shares the same passion.<\/p>\n<p>[\/vc_column_text][vc_separator type=&#8221;transparent&#8221; thickness=&#8221;20&#8243;][vc_single_image image=&#8221;25644&#8243; img_size=&#8221;full&#8221; qode_css_animation=&#8221;&#8221;][vc_separator type=&#8221;transparent&#8221; thickness=&#8221;20&#8243;][vc_separator type=&#8221;transparent&#8221; thickness=&#8221;20&#8243;][vc_column_text css=&#8221;.vc_custom_1759757882100{padding-right: 15px !important;padding-left: 15px !important;}&#8221;]<\/p>\n<h4 class=\"p1\"><span style=\"color: #005196;\">Administration and Finance Department<\/span><\/h4>\n<p>&nbsp;<\/p>\n<p class=\"p1\">Responsible for managing all financial and administrative operations and for providing information and advice to the Boards of Trustees of Fundaci\u00f3n ECOTIC, Fundaci\u00f3n ECOTIC Clima and ECOTIC Envases, as well as to the governing body of ECOTIC Entidad Administradora.<\/p>\n<p>[\/vc_column_text][vc_separator type=&#8221;transparent&#8221; thickness=&#8221;20&#8243;][vc_column_text css=&#8221;.vc_custom_1759757908453{padding-right: 15px !important;padding-left: 15px !important;}&#8221;]<\/p>\n<h4 class=\"p1\"><span style=\"color: #005196;\">Projects and Companies<\/span><\/h4>\n<p>&nbsp;<\/p>\n<p class=\"p1\">Responsible for managing the affiliation and loyalty of our member companies, developing technical projects, delivering training activities, running information and communication campaigns, and participating in national and international forums related to our sector and the circular economy.<\/p>\n<p>[\/vc_column_text][vc_separator type=&#8221;transparent&#8221; thickness=&#8221;20&#8243;][vc_column_text css=&#8221;.vc_custom_1759757935767{padding-right: 15px !important;padding-left: 15px !important;}&#8221;]<\/p>\n<h4 class=\"p1\"><span style=\"color: #005196;\">Operations<\/span><\/h4>\n<p>&nbsp;<\/p>\n<p class=\"p1\">Oversees WEEE logistics and treatment. It also negotiates agreements with distributors, waste managers and treatment plants, and manages relations with regional and local authorities, ensuring that all procedures and permits are in place.<\/p>\n<p>[\/vc_column_text][vc_separator type=&#8221;transparent&#8221; thickness=&#8221;20&#8243;][vc_single_image image=&#8221;25648&#8243; img_size=&#8221;full&#8221; qode_css_animation=&#8221;&#8221;][vc_separator type=&#8221;transparent&#8221; thickness=&#8221;20&#8243;][vc_column_text css=&#8221;.vc_custom_1759916625713{padding-right: 15px !important;padding-left: 15px !important;}&#8221;]<\/p>\n<p class=\"p1\">From left to right, from top to bottom: Marc Albiol, Jorge Arag\u00f3n, Raquel Ayora, Anna Corominas, B\u00e1rbara Ca\u00f1izares, N\u00faria Colillas, Fani Cuevas, Cristina Fern\u00e1ndez, Patricia Garc\u00eda, Rosa Garc\u00eda, Lorena Gonz\u00e1lez, Nadia Jim\u00e9nez. Page right:<i>\u00a0<\/i>Jordi Julian, Judit L\u00f3pez, M\u00f3nica L\u00f3pez, Laia Martin, Victor Mart\u00ednez, Pol Moscar\u00f3, Agust\u00edn Pe\u00f1a, \u00c0ngels Pou, Cristina Roig, Patricia Rom\u00e1n and Andreu Vil\u00e0.<\/p>\n<p>[\/vc_column_text][vc_separator type=&#8221;transparent&#8221; thickness=&#8221;20&#8243;][\/vc_column][vc_column width=&#8221;1\/6&#8243;][\/vc_column][\/vc_row][vc_row css_animation=&#8221;&#8221; row_type=&#8221;row&#8221; use_row_as_full_screen_section=&#8221;no&#8221; type=&#8221;full_width&#8221; angled_section=&#8221;no&#8221; text_align=&#8221;left&#8221; background_image_as_pattern=&#8221;without_pattern&#8221;][vc_column][vc_separator type=&#8221;transparent&#8221;][vc_separator type=&#8221;transparent&#8221;][vc_separator type=&#8221;transparent&#8221;][vc_separator type=&#8221;transparent&#8221;][vc_separator type=&#8221;transparent&#8221;][\/vc_column][\/vc_row]<\/p>\n","protected":false},"excerpt":{"rendered":"<p>[vc_row css_animation=&#8221;&#8221; row_type=&#8221;row&#8221; use_row_as_full_screen_section=&#8221;no&#8221; type=&#8221;grid&#8221; angled_section=&#8221;no&#8221; text_align=&#8221;left&#8221; background_image_as_pattern=&#8221;without_pattern&#8221; background_color=&#8221;#f6f6f6&#8243; z_index=&#8221;&#8221;][vc_column width=&#8221;1\/6&#8243;][\/vc_column][vc_column width=&#8221;2\/3&#8243;][vc_separator type=&#8221;transparent&#8221; thickness=&#8221;20&#8243;][vc_separator type=&#8221;transparent&#8221; thickness=&#8221;20&#8243;][vc_separator type=&#8221;transparent&#8221; thickness=&#8221;20&#8243;][vc_column_text css=&#8221;.vc_custom_1759757811655{padding-right: 15px !important;padding-left: 15px !important;}&#8221;] Talent [\/vc_column_text][vc_separator type=&#8221;transparent&#8221; thickness=&#8221;20&#8243;][vc_column_text css=&#8221;.vc_custom_1759757826245{padding-right: 15px !important;padding-left: 15px !important;}&#8221;] None of this would be possible without the people who make up ECOTIC&#8230;.<\/p>\n","protected":false},"author":15,"featured_media":25645,"parent":26114,"menu_order":12,"comment_status":"closed","ping_status":"closed","template":"full_width.php","meta":{"footnotes":""},"class_list":["post-26108","page","type-page","status-publish","has-post-thumbnail","hentry"],"yoast_head":"<!-- This site is optimized with the Yoast SEO plugin v27.2 - https:\/\/yoast.com\/product\/yoast-seo-wordpress\/ -->\n<title>Talent - Fundaci\u00f3n Ecotic<\/title>\n<meta name=\"robots\" content=\"index, follow, max-snippet:-1, max-image-preview:large, max-video-preview:-1\" \/>\n<link rel=\"canonical\" href=\"https:\/\/2024.memoriaecotic.com\/en\/02-commitment\/talent\/\" \/>\n<meta property=\"og:locale\" content=\"en_US\" \/>\n<meta property=\"og:type\" content=\"article\" \/>\n<meta property=\"og:title\" content=\"Talent - Fundaci\u00f3n Ecotic\" \/>\n<meta property=\"og:description\" content=\"[vc_row css_animation=&#8221;&#8221; row_type=&#8221;row&#8221; use_row_as_full_screen_section=&#8221;no&#8221; type=&#8221;grid&#8221; angled_section=&#8221;no&#8221; text_align=&#8221;left&#8221; background_image_as_pattern=&#8221;without_pattern&#8221; background_color=&#8221;#f6f6f6&#8243; z_index=&#8221;&#8221;][vc_column width=&#8221;1\/6&#8243;][\/vc_column][vc_column width=&#8221;2\/3&#8243;][vc_separator type=&#8221;transparent&#8221; thickness=&#8221;20&#8243;][vc_separator type=&#8221;transparent&#8221; thickness=&#8221;20&#8243;][vc_separator type=&#8221;transparent&#8221; thickness=&#8221;20&#8243;][vc_column_text css=&#8221;.vc_custom_1759757811655{padding-right: 15px !important;padding-left: 15px !important;}&#8221;] Talent [\/vc_column_text][vc_separator type=&#8221;transparent&#8221; thickness=&#8221;20&#8243;][vc_column_text css=&#8221;.vc_custom_1759757826245{padding-right: 15px !important;padding-left: 15px !important;}&#8221;] None of this would be possible without the people who make up ECOTIC....\" \/>\n<meta property=\"og:url\" content=\"https:\/\/2024.memoriaecotic.com\/en\/02-commitment\/talent\/\" \/>\n<meta property=\"og:site_name\" content=\"Fundaci\u00f3n Ecotic\" \/>\n<meta property=\"article:publisher\" content=\"https:\/\/www.facebook.com\/ecotic.fundacion\" \/>\n<meta property=\"article:modified_time\" content=\"2025-10-08T09:43:48+00:00\" \/>\n<meta property=\"og:image\" content=\"https:\/\/2024.memoriaecotic.com\/wp-content\/uploads\/2025\/09\/ecotic_memoria-digital-25_01_12.png\" \/>\n\t<meta property=\"og:image:width\" content=\"1017\" \/>\n\t<meta property=\"og:image:height\" content=\"450\" \/>\n\t<meta property=\"og:image:type\" content=\"image\/png\" \/>\n<meta name=\"twitter:card\" content=\"summary_large_image\" \/>\n<meta name=\"twitter:site\" content=\"@FundacionECOTIC\" \/>\n<meta name=\"twitter:label1\" content=\"Est. reading time\" \/>\n\t<meta name=\"twitter:data1\" content=\"2 minutes\" \/>\n<script type=\"application\/ld+json\" class=\"yoast-schema-graph\">{\"@context\":\"https:\/\/schema.org\",\"@graph\":[{\"@type\":\"WebPage\",\"@id\":\"https:\/\/2024.memoriaecotic.com\/en\/02-commitment\/talent\/\",\"url\":\"https:\/\/2024.memoriaecotic.com\/en\/02-commitment\/talent\/\",\"name\":\"Talent - Fundaci\u00f3n Ecotic\",\"isPartOf\":{\"@id\":\"https:\/\/2024.memoriaecotic.com\/#website\"},\"primaryImageOfPage\":{\"@id\":\"https:\/\/2024.memoriaecotic.com\/en\/02-commitment\/talent\/#primaryimage\"},\"image\":{\"@id\":\"https:\/\/2024.memoriaecotic.com\/en\/02-commitment\/talent\/#primaryimage\"},\"thumbnailUrl\":\"https:\/\/2024.memoriaecotic.com\/wp-content\/uploads\/2025\/09\/ecotic_memoria-digital-25_02_23.jpg\",\"datePublished\":\"2025-09-26T12:29:52+00:00\",\"dateModified\":\"2025-10-08T09:43:48+00:00\",\"breadcrumb\":{\"@id\":\"https:\/\/2024.memoriaecotic.com\/en\/02-commitment\/talent\/#breadcrumb\"},\"inLanguage\":\"en-US\",\"potentialAction\":[{\"@type\":\"ReadAction\",\"target\":[\"https:\/\/2024.memoriaecotic.com\/en\/02-commitment\/talent\/\"]}]},{\"@type\":\"ImageObject\",\"inLanguage\":\"en-US\",\"@id\":\"https:\/\/2024.memoriaecotic.com\/en\/02-commitment\/talent\/#primaryimage\",\"url\":\"https:\/\/2024.memoriaecotic.com\/wp-content\/uploads\/2025\/09\/ecotic_memoria-digital-25_02_23.jpg\",\"contentUrl\":\"https:\/\/2024.memoriaecotic.com\/wp-content\/uploads\/2025\/09\/ecotic_memoria-digital-25_02_23.jpg\",\"width\":1585,\"height\":673},{\"@type\":\"BreadcrumbList\",\"@id\":\"https:\/\/2024.memoriaecotic.com\/en\/02-commitment\/talent\/#breadcrumb\",\"itemListElement\":[{\"@type\":\"ListItem\",\"position\":1,\"name\":\"Portada\",\"item\":\"https:\/\/2024.memoriaecotic.com\/en\/\"},{\"@type\":\"ListItem\",\"position\":2,\"name\":\"02 Commitment\",\"item\":\"https:\/\/2024.memoriaecotic.com\/en\/02-commitment\/\"},{\"@type\":\"ListItem\",\"position\":3,\"name\":\"Talent\"}]},{\"@type\":\"WebSite\",\"@id\":\"https:\/\/2024.memoriaecotic.com\/#website\",\"url\":\"https:\/\/2024.memoriaecotic.com\/\",\"name\":\"Fundaci\u00f3n Ecotic\",\"description\":\"Memoria de Gesti\u00f3n 2024\",\"publisher\":{\"@id\":\"https:\/\/2024.memoriaecotic.com\/#organization\"},\"potentialAction\":[{\"@type\":\"SearchAction\",\"target\":{\"@type\":\"EntryPoint\",\"urlTemplate\":\"https:\/\/2024.memoriaecotic.com\/?s={search_term_string}\"},\"query-input\":{\"@type\":\"PropertyValueSpecification\",\"valueRequired\":true,\"valueName\":\"search_term_string\"}}],\"inLanguage\":\"en-US\"},{\"@type\":\"Organization\",\"@id\":\"https:\/\/2024.memoriaecotic.com\/#organization\",\"name\":\"Fundaci\u00f3n Ecotic\",\"url\":\"https:\/\/2024.memoriaecotic.com\/\",\"logo\":{\"@type\":\"ImageObject\",\"inLanguage\":\"en-US\",\"@id\":\"https:\/\/2024.memoriaecotic.com\/#\/schema\/logo\/image\/\",\"url\":\"https:\/\/2023.memoriaecotic.com\/wp-content\/uploads\/2023\/06\/eco_recyclingtocreate_3.svg\",\"contentUrl\":\"https:\/\/2023.memoriaecotic.com\/wp-content\/uploads\/2023\/06\/eco_recyclingtocreate_3.svg\",\"width\":1,\"height\":1,\"caption\":\"Fundaci\u00f3n Ecotic\"},\"image\":{\"@id\":\"https:\/\/2024.memoriaecotic.com\/#\/schema\/logo\/image\/\"},\"sameAs\":[\"https:\/\/www.facebook.com\/ecotic.fundacion\",\"https:\/\/x.com\/FundacionECOTIC\",\"https:\/\/www.linkedin.com\/company\/ecotic?trk=cws-cpw-coname-0-0\",\"https:\/\/www.youtube.com\/user\/FundacionECOTIC\"]}]}<\/script>\n<!-- \/ Yoast SEO plugin. -->","yoast_head_json":{"title":"Talent - Fundaci\u00f3n Ecotic","robots":{"index":"index","follow":"follow","max-snippet":"max-snippet:-1","max-image-preview":"max-image-preview:large","max-video-preview":"max-video-preview:-1"},"canonical":"https:\/\/2024.memoriaecotic.com\/en\/02-commitment\/talent\/","og_locale":"en_US","og_type":"article","og_title":"Talent - Fundaci\u00f3n Ecotic","og_description":"[vc_row css_animation=&#8221;&#8221; row_type=&#8221;row&#8221; use_row_as_full_screen_section=&#8221;no&#8221; type=&#8221;grid&#8221; angled_section=&#8221;no&#8221; text_align=&#8221;left&#8221; background_image_as_pattern=&#8221;without_pattern&#8221; background_color=&#8221;#f6f6f6&#8243; z_index=&#8221;&#8221;][vc_column width=&#8221;1\/6&#8243;][\/vc_column][vc_column width=&#8221;2\/3&#8243;][vc_separator type=&#8221;transparent&#8221; thickness=&#8221;20&#8243;][vc_separator type=&#8221;transparent&#8221; thickness=&#8221;20&#8243;][vc_separator type=&#8221;transparent&#8221; thickness=&#8221;20&#8243;][vc_column_text css=&#8221;.vc_custom_1759757811655{padding-right: 15px !important;padding-left: 15px !important;}&#8221;] Talent [\/vc_column_text][vc_separator type=&#8221;transparent&#8221; thickness=&#8221;20&#8243;][vc_column_text css=&#8221;.vc_custom_1759757826245{padding-right: 15px !important;padding-left: 15px !important;}&#8221;] None of this would be possible without the people who make up ECOTIC....","og_url":"https:\/\/2024.memoriaecotic.com\/en\/02-commitment\/talent\/","og_site_name":"Fundaci\u00f3n Ecotic","article_publisher":"https:\/\/www.facebook.com\/ecotic.fundacion","article_modified_time":"2025-10-08T09:43:48+00:00","og_image":[{"width":1017,"height":450,"url":"https:\/\/2024.memoriaecotic.com\/wp-content\/uploads\/2025\/09\/ecotic_memoria-digital-25_01_12.png","type":"image\/png"}],"twitter_card":"summary_large_image","twitter_site":"@FundacionECOTIC","twitter_misc":{"Est. reading time":"2 minutes"},"schema":{"@context":"https:\/\/schema.org","@graph":[{"@type":"WebPage","@id":"https:\/\/2024.memoriaecotic.com\/en\/02-commitment\/talent\/","url":"https:\/\/2024.memoriaecotic.com\/en\/02-commitment\/talent\/","name":"Talent - Fundaci\u00f3n Ecotic","isPartOf":{"@id":"https:\/\/2024.memoriaecotic.com\/#website"},"primaryImageOfPage":{"@id":"https:\/\/2024.memoriaecotic.com\/en\/02-commitment\/talent\/#primaryimage"},"image":{"@id":"https:\/\/2024.memoriaecotic.com\/en\/02-commitment\/talent\/#primaryimage"},"thumbnailUrl":"https:\/\/2024.memoriaecotic.com\/wp-content\/uploads\/2025\/09\/ecotic_memoria-digital-25_02_23.jpg","datePublished":"2025-09-26T12:29:52+00:00","dateModified":"2025-10-08T09:43:48+00:00","breadcrumb":{"@id":"https:\/\/2024.memoriaecotic.com\/en\/02-commitment\/talent\/#breadcrumb"},"inLanguage":"en-US","potentialAction":[{"@type":"ReadAction","target":["https:\/\/2024.memoriaecotic.com\/en\/02-commitment\/talent\/"]}]},{"@type":"ImageObject","inLanguage":"en-US","@id":"https:\/\/2024.memoriaecotic.com\/en\/02-commitment\/talent\/#primaryimage","url":"https:\/\/2024.memoriaecotic.com\/wp-content\/uploads\/2025\/09\/ecotic_memoria-digital-25_02_23.jpg","contentUrl":"https:\/\/2024.memoriaecotic.com\/wp-content\/uploads\/2025\/09\/ecotic_memoria-digital-25_02_23.jpg","width":1585,"height":673},{"@type":"BreadcrumbList","@id":"https:\/\/2024.memoriaecotic.com\/en\/02-commitment\/talent\/#breadcrumb","itemListElement":[{"@type":"ListItem","position":1,"name":"Portada","item":"https:\/\/2024.memoriaecotic.com\/en\/"},{"@type":"ListItem","position":2,"name":"02 Commitment","item":"https:\/\/2024.memoriaecotic.com\/en\/02-commitment\/"},{"@type":"ListItem","position":3,"name":"Talent"}]},{"@type":"WebSite","@id":"https:\/\/2024.memoriaecotic.com\/#website","url":"https:\/\/2024.memoriaecotic.com\/","name":"Fundaci\u00f3n Ecotic","description":"Memoria de Gesti\u00f3n 2024","publisher":{"@id":"https:\/\/2024.memoriaecotic.com\/#organization"},"potentialAction":[{"@type":"SearchAction","target":{"@type":"EntryPoint","urlTemplate":"https:\/\/2024.memoriaecotic.com\/?s={search_term_string}"},"query-input":{"@type":"PropertyValueSpecification","valueRequired":true,"valueName":"search_term_string"}}],"inLanguage":"en-US"},{"@type":"Organization","@id":"https:\/\/2024.memoriaecotic.com\/#organization","name":"Fundaci\u00f3n Ecotic","url":"https:\/\/2024.memoriaecotic.com\/","logo":{"@type":"ImageObject","inLanguage":"en-US","@id":"https:\/\/2024.memoriaecotic.com\/#\/schema\/logo\/image\/","url":"https:\/\/2023.memoriaecotic.com\/wp-content\/uploads\/2023\/06\/eco_recyclingtocreate_3.svg","contentUrl":"https:\/\/2023.memoriaecotic.com\/wp-content\/uploads\/2023\/06\/eco_recyclingtocreate_3.svg","width":1,"height":1,"caption":"Fundaci\u00f3n Ecotic"},"image":{"@id":"https:\/\/2024.memoriaecotic.com\/#\/schema\/logo\/image\/"},"sameAs":["https:\/\/www.facebook.com\/ecotic.fundacion","https:\/\/x.com\/FundacionECOTIC","https:\/\/www.linkedin.com\/company\/ecotic?trk=cws-cpw-coname-0-0","https:\/\/www.youtube.com\/user\/FundacionECOTIC"]}]}},"_links":{"self":[{"href":"https:\/\/2024.memoriaecotic.com\/en\/wp-json\/wp\/v2\/pages\/26108","targetHints":{"allow":["GET"]}}],"collection":[{"href":"https:\/\/2024.memoriaecotic.com\/en\/wp-json\/wp\/v2\/pages"}],"about":[{"href":"https:\/\/2024.memoriaecotic.com\/en\/wp-json\/wp\/v2\/types\/page"}],"author":[{"embeddable":true,"href":"https:\/\/2024.memoriaecotic.com\/en\/wp-json\/wp\/v2\/users\/15"}],"replies":[{"embeddable":true,"href":"https:\/\/2024.memoriaecotic.com\/en\/wp-json\/wp\/v2\/comments?post=26108"}],"version-history":[{"count":4,"href":"https:\/\/2024.memoriaecotic.com\/en\/wp-json\/wp\/v2\/pages\/26108\/revisions"}],"predecessor-version":[{"id":26443,"href":"https:\/\/2024.memoriaecotic.com\/en\/wp-json\/wp\/v2\/pages\/26108\/revisions\/26443"}],"up":[{"embeddable":true,"href":"https:\/\/2024.memoriaecotic.com\/en\/wp-json\/wp\/v2\/pages\/26114"}],"wp:featuredmedia":[{"embeddable":true,"href":"https:\/\/2024.memoriaecotic.com\/en\/wp-json\/wp\/v2\/media\/25645"}],"wp:attachment":[{"href":"https:\/\/2024.memoriaecotic.com\/en\/wp-json\/wp\/v2\/media?parent=26108"}],"curies":[{"name":"wp","href":"https:\/\/api.w.org\/{rel}","templated":true}]}}