{"id":26093,"date":"2025-09-25T16:01:49","date_gmt":"2025-09-25T15:01:49","guid":{"rendered":"https:\/\/2024.memoriaecotic.com\/bienvenidos\/jose-fransico-sanchez\/"},"modified":"2025-10-06T14:09:07","modified_gmt":"2025-10-06T13:09:07","slug":"jose-fransico-sanchez","status":"publish","type":"page","link":"https:\/\/2024.memoriaecotic.com\/en\/01-purpose\/strategic-vision\/jose-fransico-sanchez\/","title":{"rendered":"Jos\u00e9 Francisco S\u00e1nchez"},"content":{"rendered":"<p>[vc_row css_animation=&#8221;&#8221; row_type=&#8221;row&#8221; use_row_as_full_screen_section=&#8221;no&#8221; type=&#8221;grid&#8221; angled_section=&#8221;no&#8221; text_align=&#8221;left&#8221; background_image_as_pattern=&#8221;without_pattern&#8221; background_color=&#8221;#ffffff&#8221; css=&#8221;.vc_custom_1594803443160{margin-bottom: 0px !important;border-bottom-width: 0px !important;padding-bottom: 0px !important;background-color: #ededed !important;border-bottom-color: #ededed !important;}&#8221; z_index=&#8221;&#8221;][vc_column width=&#8221;2\/3&#8243;][vc_separator type=&#8221;transparent&#8221; thickness=&#8221;20&#8243;][vc_separator type=&#8221;transparent&#8221; thickness=&#8221;20&#8243;][vc_column_text el_class=&#8221;fontcolor #1c1c1b&#8221; css=&#8221;.vc_custom_1759756025230{padding-right: 20px !important;padding-left: 10px !important;}&#8221;]<\/p>\n<h2>Jos\u00e9 Francisco S\u00e1nchez<\/h2>\n<p>&nbsp;<\/p>\n<p><strong>Gaplasa S.A.<\/strong> | Member of the Fundaci\u00f3n ECOTIC Board of Trustees[\/vc_column_text][vc_separator type=&#8221;transparent&#8221; thickness=&#8221;20&#8243;][vc_separator type=&#8221;transparent&#8221; thickness=&#8221;20&#8243;][vc_column_text css=&#8221;.vc_custom_1759756043095{padding-right: 30px !important;padding-left: 10px !important;}&#8221;]<\/p>\n<h5>\u201cProducers must take a proactive approach, integrating eco-design principles that reduce the use of hazardous materials and promote ease of repair.\u201d<\/h5>\n<p>[\/vc_column_text][\/vc_column][vc_column width=&#8221;1\/3&#8243;][vc_separator type=&#8221;transparent&#8221; thickness=&#8221;20&#8243;][vc_single_image image=&#8221;25593&#8243; img_size=&#8221;full&#8221; alignment=&#8221;center&#8221; qode_css_animation=&#8221;&#8221; css=&#8221;.vc_custom_1758812595190{padding-top: 0px !important;padding-bottom: 0px !important;}&#8221;][\/vc_column][\/vc_row][vc_row css_animation=&#8221;&#8221; row_type=&#8221;row&#8221; use_row_as_full_screen_section=&#8221;no&#8221; type=&#8221;grid&#8221; angled_section=&#8221;no&#8221; text_align=&#8221;left&#8221; background_image_as_pattern=&#8221;without_pattern&#8221; background_color=&#8221;#ffffff&#8221;][vc_column width=&#8221;1\/6&#8243;][\/vc_column][vc_column width=&#8221;2\/3&#8243;][vc_separator type=&#8221;transparent&#8221; thickness=&#8221;20&#8243;][vc_separator type=&#8221;transparent&#8221; thickness=&#8221;20&#8243;][vc_column_text css=&#8221;.vc_custom_1759756072075{padding-right: 15px !important;padding-left: 15px !important;}&#8221;]<strong><span style=\"color: #005196;\">What role should producers play in accelerating the transition to a truly circular model in the electronics sector?<\/span><\/strong><\/p>\n<p>&nbsp;<\/p>\n<p class=\"p1\">Producers have a pivotal role in the shift to a circular model, as their design, production and after-sales practices directly influence product durability, repairability and recyclability. They must take a proactive approach, integrating eco-design principles that reduce the use of hazardous materials and promote modularity and ease of repair.<\/p>\n<p>&nbsp;<\/p>\n<p class=\"p2\">They also need to embrace extended producer responsibility (EPR), taking charge of the waste generated and ensuring effective return and recycling channels. Collaboration with other actors across the product life cycle and investment in circular-economy innovation can further speed up the transition, creating a more sustainable, transparent and environmentally responsible market.<\/p>\n<p>[\/vc_column_text][vc_separator type=&#8221;transparent&#8221; thickness=&#8221;20&#8243;][vc_column_text css=&#8221;.vc_custom_1759756110089{padding-right: 15px !important;padding-left: 15px !important;}&#8221;]<strong><span style=\"color: #005196;\">What barriers hinder consumer involvement in WEEE recycling and how can they be overcome?<br \/>\n<\/span><\/strong><\/p>\n<p>&nbsp;<\/p>\n<p class=\"p1\">Key obstacles include limited awareness of the importance of recycling, difficulty accessing suitable collection points and at times, a perception that recycling these materials has little value. Inconvenience can further discourage active participation.<\/p>\n<p>&nbsp;<\/p>\n<p class=\"p1\">To tackle these challenges, it is vital to reinforce awareness campaigns that explain the environmental impact of proper recycling and the benefits it brings to the community. The collection network must also be expanded and improved to ensure that points are both accessible and visible, while economic or other incentives should be introduced to motivate the return of electronic waste. Closer collaboration between businesses and public authorities can help coordinate initiatives and joint campaigns that strengthen consumer engagement and commitment.<\/p>\n<p>[\/vc_column_text][vc_separator type=&#8221;transparent&#8221; thickness=&#8221;20&#8243;][vc_column_text css=&#8221;.vc_custom_1759756142366{padding-right: 15px !important;padding-left: 15px !important;}&#8221;]<strong><span style=\"color: #005196;\">What sets ECOTIC apart as an Extended Producer Responsibility Collective System (EPRCS) in an increasingly demanding sustainability and regulatory landscape after 20 years?<br \/>\n<\/span><\/strong><\/p>\n<p>&nbsp;<\/p>\n<p class=\"p1\">ECOTIC stands out for its pioneering commitment and well-established expertise in the efficient, responsible management of electronic waste, making it a prime example of the circular economy in action within the sector. Its distinctive value lies in its ability to deliver comprehensive solutions tailored to industry needs, while strictly complying with national and international regulations and promoting sustainable best practices.<\/p>\n<p>&nbsp;<\/p>\n<p class=\"p2\">Over the past 20 years, ECOTIC has consistently demonstrated outstanding and visionary leadership in innovation, helping to recover valuable materials and minimise environmental impact, which further strengthens the confidence of member companies and the public alike. In addition, its strong focus on education and social awareness helps foster a lasting culture of responsibility and sustainability. This long-standing commitment and extensive experience enable ECOTIC to remain a benchmark in responsible WEEE management, creating significant environmental and commercial value in an increasingly demanding context.<\/p>\n<p>[\/vc_column_text][vc_separator type=&#8221;transparent&#8221;][\/vc_column][vc_column width=&#8221;1\/6&#8243;][\/vc_column][\/vc_row][vc_row css_animation=&#8221;&#8221; row_type=&#8221;row&#8221; use_row_as_full_screen_section=&#8221;no&#8221; type=&#8221;grid&#8221; angled_section=&#8221;no&#8221; text_align=&#8221;left&#8221; background_image_as_pattern=&#8221;without_pattern&#8221; background_color=&#8221;#ffffff&#8221; css=&#8221;.vc_custom_1495537924266{padding-top: 0px !important;padding-bottom: 0px !important;}&#8221;][vc_column][vc_separator type=&#8221;transparent&#8221; thickness=&#8221;80&#8243;][\/vc_column][\/vc_row]<\/p>\n","protected":false},"excerpt":{"rendered":"<p>[vc_row css_animation=&#8221;&#8221; row_type=&#8221;row&#8221; use_row_as_full_screen_section=&#8221;no&#8221; type=&#8221;grid&#8221; angled_section=&#8221;no&#8221; text_align=&#8221;left&#8221; background_image_as_pattern=&#8221;without_pattern&#8221; background_color=&#8221;#ffffff&#8221; css=&#8221;.vc_custom_1594803443160{margin-bottom: 0px !important;border-bottom-width: 0px !important;padding-bottom: 0px !important;background-color: #ededed !important;border-bottom-color: #ededed !important;}&#8221; z_index=&#8221;&#8221;][vc_column width=&#8221;2\/3&#8243;][vc_separator type=&#8221;transparent&#8221; thickness=&#8221;20&#8243;][vc_separator type=&#8221;transparent&#8221; thickness=&#8221;20&#8243;][vc_column_text el_class=&#8221;fontcolor #1c1c1b&#8221; css=&#8221;.vc_custom_1759756025230{padding-right: 20px !important;padding-left: 10px !important;}&#8221;] Jos\u00e9 Francisco S\u00e1nchez &nbsp; Gaplasa S.A. | Member of the Fundaci\u00f3n ECOTIC&#8230;<\/p>\n","protected":false},"author":15,"featured_media":25594,"parent":26111,"menu_order":12,"comment_status":"closed","ping_status":"closed","template":"full_width.php","meta":{"footnotes":""},"class_list":["post-26093","page","type-page","status-publish","has-post-thumbnail","hentry"],"yoast_head":"<!-- This site is optimized with the Yoast SEO plugin v27.2 - https:\/\/yoast.com\/product\/yoast-seo-wordpress\/ -->\n<title>Jos\u00e9 Francisco S\u00e1nchez - Fundaci\u00f3n Ecotic<\/title>\n<meta name=\"robots\" content=\"index, follow, max-snippet:-1, max-image-preview:large, max-video-preview:-1\" \/>\n<link rel=\"canonical\" href=\"https:\/\/2024.memoriaecotic.com\/en\/01-purpose\/strategic-vision\/jose-fransico-sanchez\/\" \/>\n<meta property=\"og:locale\" content=\"en_US\" \/>\n<meta property=\"og:type\" content=\"article\" \/>\n<meta property=\"og:title\" content=\"Jos\u00e9 Francisco S\u00e1nchez - Fundaci\u00f3n Ecotic\" \/>\n<meta property=\"og:description\" content=\"[vc_row css_animation=&#8221;&#8221; row_type=&#8221;row&#8221; use_row_as_full_screen_section=&#8221;no&#8221; type=&#8221;grid&#8221; angled_section=&#8221;no&#8221; text_align=&#8221;left&#8221; background_image_as_pattern=&#8221;without_pattern&#8221; background_color=&#8221;#ffffff&#8221; css=&#8221;.vc_custom_1594803443160{margin-bottom: 0px !important;border-bottom-width: 0px !important;padding-bottom: 0px !important;background-color: #ededed !important;border-bottom-color: #ededed !important;}&#8221; z_index=&#8221;&#8221;][vc_column width=&#8221;2\/3&#8243;][vc_separator type=&#8221;transparent&#8221; thickness=&#8221;20&#8243;][vc_separator type=&#8221;transparent&#8221; thickness=&#8221;20&#8243;][vc_column_text el_class=&#8221;fontcolor #1c1c1b&#8221; css=&#8221;.vc_custom_1759756025230{padding-right: 20px !important;padding-left: 10px !important;}&#8221;] Jos\u00e9 Francisco S\u00e1nchez &nbsp; Gaplasa S.A. | Member of the Fundaci\u00f3n ECOTIC...\" \/>\n<meta property=\"og:url\" content=\"https:\/\/2024.memoriaecotic.com\/en\/01-purpose\/strategic-vision\/jose-fransico-sanchez\/\" \/>\n<meta property=\"og:site_name\" content=\"Fundaci\u00f3n Ecotic\" \/>\n<meta property=\"article:publisher\" content=\"https:\/\/www.facebook.com\/ecotic.fundacion\" \/>\n<meta property=\"article:modified_time\" content=\"2025-10-06T13:09:07+00:00\" \/>\n<meta property=\"og:image\" content=\"https:\/\/2024.memoriaecotic.com\/wp-content\/uploads\/2025\/09\/ecotic_memoria-digital-25_01_39.jpg\" \/>\n\t<meta property=\"og:image:width\" content=\"700\" \/>\n\t<meta property=\"og:image:height\" content=\"565\" \/>\n\t<meta property=\"og:image:type\" content=\"image\/jpeg\" \/>\n<meta name=\"twitter:card\" content=\"summary_large_image\" \/>\n<meta name=\"twitter:site\" content=\"@FundacionECOTIC\" \/>\n<meta name=\"twitter:label1\" content=\"Est. reading time\" \/>\n\t<meta name=\"twitter:data1\" content=\"3 minutes\" \/>\n<script type=\"application\/ld+json\" class=\"yoast-schema-graph\">{\"@context\":\"https:\/\/schema.org\",\"@graph\":[{\"@type\":\"WebPage\",\"@id\":\"https:\/\/2024.memoriaecotic.com\/en\/01-purpose\/strategic-vision\/jose-fransico-sanchez\/\",\"url\":\"https:\/\/2024.memoriaecotic.com\/en\/01-purpose\/strategic-vision\/jose-fransico-sanchez\/\",\"name\":\"Jos\u00e9 Francisco S\u00e1nchez - Fundaci\u00f3n Ecotic\",\"isPartOf\":{\"@id\":\"https:\/\/2024.memoriaecotic.com\/#website\"},\"primaryImageOfPage\":{\"@id\":\"https:\/\/2024.memoriaecotic.com\/en\/01-purpose\/strategic-vision\/jose-fransico-sanchez\/#primaryimage\"},\"image\":{\"@id\":\"https:\/\/2024.memoriaecotic.com\/en\/01-purpose\/strategic-vision\/jose-fransico-sanchez\/#primaryimage\"},\"thumbnailUrl\":\"https:\/\/2024.memoriaecotic.com\/wp-content\/uploads\/2025\/09\/ecotic_memoria-digital-25_01_39.jpg\",\"datePublished\":\"2025-09-25T15:01:49+00:00\",\"dateModified\":\"2025-10-06T13:09:07+00:00\",\"breadcrumb\":{\"@id\":\"https:\/\/2024.memoriaecotic.com\/en\/01-purpose\/strategic-vision\/jose-fransico-sanchez\/#breadcrumb\"},\"inLanguage\":\"en-US\",\"potentialAction\":[{\"@type\":\"ReadAction\",\"target\":[\"https:\/\/2024.memoriaecotic.com\/en\/01-purpose\/strategic-vision\/jose-fransico-sanchez\/\"]}]},{\"@type\":\"ImageObject\",\"inLanguage\":\"en-US\",\"@id\":\"https:\/\/2024.memoriaecotic.com\/en\/01-purpose\/strategic-vision\/jose-fransico-sanchez\/#primaryimage\",\"url\":\"https:\/\/2024.memoriaecotic.com\/wp-content\/uploads\/2025\/09\/ecotic_memoria-digital-25_01_39.jpg\",\"contentUrl\":\"https:\/\/2024.memoriaecotic.com\/wp-content\/uploads\/2025\/09\/ecotic_memoria-digital-25_01_39.jpg\",\"width\":700,\"height\":565},{\"@type\":\"BreadcrumbList\",\"@id\":\"https:\/\/2024.memoriaecotic.com\/en\/01-purpose\/strategic-vision\/jose-fransico-sanchez\/#breadcrumb\",\"itemListElement\":[{\"@type\":\"ListItem\",\"position\":1,\"name\":\"Portada\",\"item\":\"https:\/\/2024.memoriaecotic.com\/en\/\"},{\"@type\":\"ListItem\",\"position\":2,\"name\":\"01 Purpose\",\"item\":\"https:\/\/2024.memoriaecotic.com\/en\/01-purpose\/\"},{\"@type\":\"ListItem\",\"position\":3,\"name\":\"Strategic vision: the value of the Board of Trustees\",\"item\":\"https:\/\/2024.memoriaecotic.com\/en\/01-purpose\/strategic-vision\/\"},{\"@type\":\"ListItem\",\"position\":4,\"name\":\"Jos\u00e9 Francisco S\u00e1nchez\"}]},{\"@type\":\"WebSite\",\"@id\":\"https:\/\/2024.memoriaecotic.com\/#website\",\"url\":\"https:\/\/2024.memoriaecotic.com\/\",\"name\":\"Fundaci\u00f3n Ecotic\",\"description\":\"Memoria de Gesti\u00f3n 2024\",\"publisher\":{\"@id\":\"https:\/\/2024.memoriaecotic.com\/#organization\"},\"potentialAction\":[{\"@type\":\"SearchAction\",\"target\":{\"@type\":\"EntryPoint\",\"urlTemplate\":\"https:\/\/2024.memoriaecotic.com\/?s={search_term_string}\"},\"query-input\":{\"@type\":\"PropertyValueSpecification\",\"valueRequired\":true,\"valueName\":\"search_term_string\"}}],\"inLanguage\":\"en-US\"},{\"@type\":\"Organization\",\"@id\":\"https:\/\/2024.memoriaecotic.com\/#organization\",\"name\":\"Fundaci\u00f3n Ecotic\",\"url\":\"https:\/\/2024.memoriaecotic.com\/\",\"logo\":{\"@type\":\"ImageObject\",\"inLanguage\":\"en-US\",\"@id\":\"https:\/\/2024.memoriaecotic.com\/#\/schema\/logo\/image\/\",\"url\":\"https:\/\/2023.memoriaecotic.com\/wp-content\/uploads\/2023\/06\/eco_recyclingtocreate_3.svg\",\"contentUrl\":\"https:\/\/2023.memoriaecotic.com\/wp-content\/uploads\/2023\/06\/eco_recyclingtocreate_3.svg\",\"width\":1,\"height\":1,\"caption\":\"Fundaci\u00f3n Ecotic\"},\"image\":{\"@id\":\"https:\/\/2024.memoriaecotic.com\/#\/schema\/logo\/image\/\"},\"sameAs\":[\"https:\/\/www.facebook.com\/ecotic.fundacion\",\"https:\/\/x.com\/FundacionECOTIC\",\"https:\/\/www.linkedin.com\/company\/ecotic?trk=cws-cpw-coname-0-0\",\"https:\/\/www.youtube.com\/user\/FundacionECOTIC\"]}]}<\/script>\n<!-- \/ Yoast SEO plugin. -->","yoast_head_json":{"title":"Jos\u00e9 Francisco S\u00e1nchez - Fundaci\u00f3n Ecotic","robots":{"index":"index","follow":"follow","max-snippet":"max-snippet:-1","max-image-preview":"max-image-preview:large","max-video-preview":"max-video-preview:-1"},"canonical":"https:\/\/2024.memoriaecotic.com\/en\/01-purpose\/strategic-vision\/jose-fransico-sanchez\/","og_locale":"en_US","og_type":"article","og_title":"Jos\u00e9 Francisco S\u00e1nchez - Fundaci\u00f3n Ecotic","og_description":"[vc_row css_animation=&#8221;&#8221; row_type=&#8221;row&#8221; use_row_as_full_screen_section=&#8221;no&#8221; type=&#8221;grid&#8221; angled_section=&#8221;no&#8221; text_align=&#8221;left&#8221; background_image_as_pattern=&#8221;without_pattern&#8221; background_color=&#8221;#ffffff&#8221; css=&#8221;.vc_custom_1594803443160{margin-bottom: 0px !important;border-bottom-width: 0px !important;padding-bottom: 0px !important;background-color: #ededed !important;border-bottom-color: #ededed !important;}&#8221; z_index=&#8221;&#8221;][vc_column width=&#8221;2\/3&#8243;][vc_separator type=&#8221;transparent&#8221; thickness=&#8221;20&#8243;][vc_separator type=&#8221;transparent&#8221; thickness=&#8221;20&#8243;][vc_column_text el_class=&#8221;fontcolor #1c1c1b&#8221; css=&#8221;.vc_custom_1759756025230{padding-right: 20px !important;padding-left: 10px !important;}&#8221;] Jos\u00e9 Francisco S\u00e1nchez &nbsp; Gaplasa S.A. | Member of the Fundaci\u00f3n ECOTIC...","og_url":"https:\/\/2024.memoriaecotic.com\/en\/01-purpose\/strategic-vision\/jose-fransico-sanchez\/","og_site_name":"Fundaci\u00f3n Ecotic","article_publisher":"https:\/\/www.facebook.com\/ecotic.fundacion","article_modified_time":"2025-10-06T13:09:07+00:00","og_image":[{"width":700,"height":565,"url":"https:\/\/2024.memoriaecotic.com\/wp-content\/uploads\/2025\/09\/ecotic_memoria-digital-25_01_39.jpg","type":"image\/jpeg"}],"twitter_card":"summary_large_image","twitter_site":"@FundacionECOTIC","twitter_misc":{"Est. reading time":"3 minutes"},"schema":{"@context":"https:\/\/schema.org","@graph":[{"@type":"WebPage","@id":"https:\/\/2024.memoriaecotic.com\/en\/01-purpose\/strategic-vision\/jose-fransico-sanchez\/","url":"https:\/\/2024.memoriaecotic.com\/en\/01-purpose\/strategic-vision\/jose-fransico-sanchez\/","name":"Jos\u00e9 Francisco S\u00e1nchez - Fundaci\u00f3n Ecotic","isPartOf":{"@id":"https:\/\/2024.memoriaecotic.com\/#website"},"primaryImageOfPage":{"@id":"https:\/\/2024.memoriaecotic.com\/en\/01-purpose\/strategic-vision\/jose-fransico-sanchez\/#primaryimage"},"image":{"@id":"https:\/\/2024.memoriaecotic.com\/en\/01-purpose\/strategic-vision\/jose-fransico-sanchez\/#primaryimage"},"thumbnailUrl":"https:\/\/2024.memoriaecotic.com\/wp-content\/uploads\/2025\/09\/ecotic_memoria-digital-25_01_39.jpg","datePublished":"2025-09-25T15:01:49+00:00","dateModified":"2025-10-06T13:09:07+00:00","breadcrumb":{"@id":"https:\/\/2024.memoriaecotic.com\/en\/01-purpose\/strategic-vision\/jose-fransico-sanchez\/#breadcrumb"},"inLanguage":"en-US","potentialAction":[{"@type":"ReadAction","target":["https:\/\/2024.memoriaecotic.com\/en\/01-purpose\/strategic-vision\/jose-fransico-sanchez\/"]}]},{"@type":"ImageObject","inLanguage":"en-US","@id":"https:\/\/2024.memoriaecotic.com\/en\/01-purpose\/strategic-vision\/jose-fransico-sanchez\/#primaryimage","url":"https:\/\/2024.memoriaecotic.com\/wp-content\/uploads\/2025\/09\/ecotic_memoria-digital-25_01_39.jpg","contentUrl":"https:\/\/2024.memoriaecotic.com\/wp-content\/uploads\/2025\/09\/ecotic_memoria-digital-25_01_39.jpg","width":700,"height":565},{"@type":"BreadcrumbList","@id":"https:\/\/2024.memoriaecotic.com\/en\/01-purpose\/strategic-vision\/jose-fransico-sanchez\/#breadcrumb","itemListElement":[{"@type":"ListItem","position":1,"name":"Portada","item":"https:\/\/2024.memoriaecotic.com\/en\/"},{"@type":"ListItem","position":2,"name":"01 Purpose","item":"https:\/\/2024.memoriaecotic.com\/en\/01-purpose\/"},{"@type":"ListItem","position":3,"name":"Strategic vision: the value of the Board of Trustees","item":"https:\/\/2024.memoriaecotic.com\/en\/01-purpose\/strategic-vision\/"},{"@type":"ListItem","position":4,"name":"Jos\u00e9 Francisco S\u00e1nchez"}]},{"@type":"WebSite","@id":"https:\/\/2024.memoriaecotic.com\/#website","url":"https:\/\/2024.memoriaecotic.com\/","name":"Fundaci\u00f3n Ecotic","description":"Memoria de Gesti\u00f3n 2024","publisher":{"@id":"https:\/\/2024.memoriaecotic.com\/#organization"},"potentialAction":[{"@type":"SearchAction","target":{"@type":"EntryPoint","urlTemplate":"https:\/\/2024.memoriaecotic.com\/?s={search_term_string}"},"query-input":{"@type":"PropertyValueSpecification","valueRequired":true,"valueName":"search_term_string"}}],"inLanguage":"en-US"},{"@type":"Organization","@id":"https:\/\/2024.memoriaecotic.com\/#organization","name":"Fundaci\u00f3n Ecotic","url":"https:\/\/2024.memoriaecotic.com\/","logo":{"@type":"ImageObject","inLanguage":"en-US","@id":"https:\/\/2024.memoriaecotic.com\/#\/schema\/logo\/image\/","url":"https:\/\/2023.memoriaecotic.com\/wp-content\/uploads\/2023\/06\/eco_recyclingtocreate_3.svg","contentUrl":"https:\/\/2023.memoriaecotic.com\/wp-content\/uploads\/2023\/06\/eco_recyclingtocreate_3.svg","width":1,"height":1,"caption":"Fundaci\u00f3n Ecotic"},"image":{"@id":"https:\/\/2024.memoriaecotic.com\/#\/schema\/logo\/image\/"},"sameAs":["https:\/\/www.facebook.com\/ecotic.fundacion","https:\/\/x.com\/FundacionECOTIC","https:\/\/www.linkedin.com\/company\/ecotic?trk=cws-cpw-coname-0-0","https:\/\/www.youtube.com\/user\/FundacionECOTIC"]}]}},"_links":{"self":[{"href":"https:\/\/2024.memoriaecotic.com\/en\/wp-json\/wp\/v2\/pages\/26093","targetHints":{"allow":["GET"]}}],"collection":[{"href":"https:\/\/2024.memoriaecotic.com\/en\/wp-json\/wp\/v2\/pages"}],"about":[{"href":"https:\/\/2024.memoriaecotic.com\/en\/wp-json\/wp\/v2\/types\/page"}],"author":[{"embeddable":true,"href":"https:\/\/2024.memoriaecotic.com\/en\/wp-json\/wp\/v2\/users\/15"}],"replies":[{"embeddable":true,"href":"https:\/\/2024.memoriaecotic.com\/en\/wp-json\/wp\/v2\/comments?post=26093"}],"version-history":[{"count":3,"href":"https:\/\/2024.memoriaecotic.com\/en\/wp-json\/wp\/v2\/pages\/26093\/revisions"}],"predecessor-version":[{"id":26208,"href":"https:\/\/2024.memoriaecotic.com\/en\/wp-json\/wp\/v2\/pages\/26093\/revisions\/26208"}],"up":[{"embeddable":true,"href":"https:\/\/2024.memoriaecotic.com\/en\/wp-json\/wp\/v2\/pages\/26111"}],"wp:featuredmedia":[{"embeddable":true,"href":"https:\/\/2024.memoriaecotic.com\/en\/wp-json\/wp\/v2\/media\/25594"}],"wp:attachment":[{"href":"https:\/\/2024.memoriaecotic.com\/en\/wp-json\/wp\/v2\/media?parent=26093"}],"curies":[{"name":"wp","href":"https:\/\/api.w.org\/{rel}","templated":true}]}}