{"id":26090,"date":"2025-09-25T15:47:21","date_gmt":"2025-09-25T14:47:21","guid":{"rendered":"https:\/\/2024.memoriaecotic.com\/bienvenidos\/joan-eric-catala\/"},"modified":"2025-10-06T12:52:20","modified_gmt":"2025-10-06T11:52:20","slug":"joan-eric-catala","status":"publish","type":"page","link":"https:\/\/2024.memoriaecotic.com\/en\/01-purpose\/strategic-vision\/joan-eric-catala\/","title":{"rendered":"Joan Enric Catal\u00e0"},"content":{"rendered":"<p>[vc_row css_animation=&#8221;&#8221; row_type=&#8221;row&#8221; use_row_as_full_screen_section=&#8221;no&#8221; type=&#8221;grid&#8221; angled_section=&#8221;no&#8221; text_align=&#8221;left&#8221; background_image_as_pattern=&#8221;without_pattern&#8221; background_color=&#8221;#ffffff&#8221; css=&#8221;.vc_custom_1594803443160{margin-bottom: 0px !important;border-bottom-width: 0px !important;padding-bottom: 0px !important;background-color: #ededed !important;border-bottom-color: #ededed !important;}&#8221; z_index=&#8221;&#8221;][vc_column width=&#8221;2\/3&#8243;][vc_separator type=&#8221;transparent&#8221; thickness=&#8221;20&#8243;][vc_separator type=&#8221;transparent&#8221; thickness=&#8221;20&#8243;][vc_column_text el_class=&#8221;fontcolor #1c1c1b&#8221; css=&#8221;.vc_custom_1759751383141{padding-right: 20px !important;padding-left: 10px !important;}&#8221;]<\/p>\n<h2>Joan Enric Catal\u00e0<\/h2>\n<p>&nbsp;<\/p>\n<p><strong>Corber\u00f3<\/strong> | Member of the Fundaci\u00f3n ECOTIC Board of Trustees[\/vc_column_text][vc_separator type=&#8221;transparent&#8221; thickness=&#8221;20&#8243;][vc_separator type=&#8221;transparent&#8221; thickness=&#8221;20&#8243;][vc_column_text css=&#8221;.vc_custom_1759751404008{padding-right: 30px !important;padding-left: 10px !important;}&#8221;]<\/p>\n<h5>\u201cTo overcome barriers to recycling, the sector must invest in continuous education campaigns and offer incentives that connect emotionally with citizens.\u201d<\/h5>\n<p>[\/vc_column_text][\/vc_column][vc_column width=&#8221;1\/3&#8243;][vc_separator type=&#8221;transparent&#8221; thickness=&#8221;20&#8243;][vc_single_image image=&#8221;25585&#8243; img_size=&#8221;full&#8221; alignment=&#8221;center&#8221; qode_css_animation=&#8221;&#8221; css=&#8221;.vc_custom_1758811604244{padding-top: 0px !important;padding-bottom: 0px !important;}&#8221;][\/vc_column][\/vc_row][vc_row css_animation=&#8221;&#8221; row_type=&#8221;row&#8221; use_row_as_full_screen_section=&#8221;no&#8221; type=&#8221;grid&#8221; angled_section=&#8221;no&#8221; text_align=&#8221;left&#8221; background_image_as_pattern=&#8221;without_pattern&#8221; background_color=&#8221;#ffffff&#8221;][vc_column width=&#8221;1\/6&#8243;][\/vc_column][vc_column width=&#8221;2\/3&#8243;][vc_separator type=&#8221;transparent&#8221; thickness=&#8221;20&#8243;][vc_separator type=&#8221;transparent&#8221; thickness=&#8221;20&#8243;][vc_column_text css=&#8221;.vc_custom_1759751428206{padding-right: 15px !important;padding-left: 15px !important;}&#8221;]<strong><span style=\"color: #005196;\">What role should producers play in accelerating the transition to a truly circular model in the electronics sector?<\/span><\/strong><\/p>\n<p>&nbsp;<\/p>\n<p class=\"p1\">Producers have a crucial responsibility to lead the transition to a circular model covering the entire product life cycle, from design to end of use. Incorporating eco-design principles that promote durability, repairability and recyclability is essential, as is adopting business models based on reuse, refurbishment and take-back systems to reduce the extraction of resources.<\/p>\n<p>&nbsp;<\/p>\n<p class=\"p2\">They should also foster collaborative innovation with other industry stakeholders to scale up circular solutions and improve WEEE collection. Equally important is their educational and cultural leadership \u2013 promoting transparency, responsible consumption and awareness campaigns that shift mindsets and make sustainability a true competitive advantage.<\/p>\n<p>[\/vc_column_text][vc_separator type=&#8221;transparent&#8221; thickness=&#8221;20&#8243;][vc_column_text css=&#8221;.vc_custom_1759751455409{padding-right: 15px !important;padding-left: 15px !important;}&#8221;]<strong><span style=\"color: #005196;\">What barriers hinder consumer involvement in WEEE recycling and how can they be overcome?<br \/>\n<\/span><\/strong><\/p>\n<p>&nbsp;<\/p>\n<p class=\"p1\">The main barriers to public participation in WEEE recycling are a lack of understanding of what these waste streams are and how to properly recycle them, limited convenience or access to collection points, and the absence of direct incentives to actively encourage their return. These factors make it harder for many devices to reach the proper channels for responsible management.<\/p>\n<p>&nbsp;<\/p>\n<p class=\"p2\">To address these obstacles, the sector needs to invest in continuous education and awareness campaigns, make collection easier through a more accessible network and use digital tools to inform and reward consumers. It is also important to introduce tangible incentives and create an emotional connection with the public by showing the positive impact of recycling, helping to build trust and commitment.<\/p>\n<p>[\/vc_column_text][vc_separator type=&#8221;transparent&#8221; thickness=&#8221;20&#8243;][vc_column_text css=&#8221;.vc_custom_1759751502491{padding-right: 15px !important;padding-left: 15px !important;}&#8221;]<strong><span style=\"color: #005196;\">What sets ECOTIC apart as an Extended Producer Responsibility Collective System (EPRCS) in an increasingly demanding sustainability and regulatory landscape after 20 years?<br \/>\n<\/span><\/strong><\/p>\n<p>&nbsp;<\/p>\n<p class=\"p1\">Being part of ECOTIC enables companies to comply collectively with current environmental legislation, reducing legal risks and avoiding major individual investment in infrastructure or logistics. ECOTIC also offers extensive technical and legal expertise, helping members adapt to evolving regulations such as the Single-Use Plastics Directive and the European Green Deal.<\/p>\n<p>&nbsp;<\/p>\n<p class=\"p2\">In addition, ECOTIC strengthens companies\u2019 commitment to the circular economy and ESG criteria, enhancing their competitiveness and reputation. Its collective model and ongoing updates ensure that companies are well prepared for future challenges in an increasingly demanding, sustainability-driven regulatory landscape.<\/p>\n<p>[\/vc_column_text][vc_separator type=&#8221;transparent&#8221;][\/vc_column][vc_column width=&#8221;1\/6&#8243;][\/vc_column][\/vc_row][vc_row css_animation=&#8221;&#8221; row_type=&#8221;row&#8221; use_row_as_full_screen_section=&#8221;no&#8221; type=&#8221;grid&#8221; angled_section=&#8221;no&#8221; text_align=&#8221;left&#8221; background_image_as_pattern=&#8221;without_pattern&#8221; background_color=&#8221;#ffffff&#8221; css=&#8221;.vc_custom_1495537924266{padding-top: 0px !important;padding-bottom: 0px !important;}&#8221;][vc_column][vc_separator type=&#8221;transparent&#8221; thickness=&#8221;80&#8243;][\/vc_column][\/vc_row]<\/p>\n","protected":false},"excerpt":{"rendered":"<p>[vc_row css_animation=&#8221;&#8221; row_type=&#8221;row&#8221; use_row_as_full_screen_section=&#8221;no&#8221; type=&#8221;grid&#8221; angled_section=&#8221;no&#8221; text_align=&#8221;left&#8221; background_image_as_pattern=&#8221;without_pattern&#8221; background_color=&#8221;#ffffff&#8221; css=&#8221;.vc_custom_1594803443160{margin-bottom: 0px !important;border-bottom-width: 0px !important;padding-bottom: 0px !important;background-color: #ededed !important;border-bottom-color: #ededed !important;}&#8221; z_index=&#8221;&#8221;][vc_column width=&#8221;2\/3&#8243;][vc_separator type=&#8221;transparent&#8221; thickness=&#8221;20&#8243;][vc_separator type=&#8221;transparent&#8221; thickness=&#8221;20&#8243;][vc_column_text el_class=&#8221;fontcolor #1c1c1b&#8221; css=&#8221;.vc_custom_1759751383141{padding-right: 20px !important;padding-left: 10px !important;}&#8221;] Joan Enric Catal\u00e0 &nbsp; Corber\u00f3 | Member of the Fundaci\u00f3n ECOTIC Board&#8230;<\/p>\n","protected":false},"author":15,"featured_media":25586,"parent":26111,"menu_order":12,"comment_status":"closed","ping_status":"closed","template":"full_width.php","meta":{"footnotes":""},"class_list":["post-26090","page","type-page","status-publish","has-post-thumbnail","hentry"],"yoast_head":"<!-- This site is optimized with the Yoast SEO plugin v27.2 - https:\/\/yoast.com\/product\/yoast-seo-wordpress\/ -->\n<title>Joan Enric Catal\u00e0 - Fundaci\u00f3n Ecotic<\/title>\n<meta name=\"robots\" content=\"index, follow, max-snippet:-1, max-image-preview:large, max-video-preview:-1\" \/>\n<link rel=\"canonical\" href=\"https:\/\/2024.memoriaecotic.com\/en\/01-purpose\/strategic-vision\/joan-eric-catala\/\" \/>\n<meta property=\"og:locale\" content=\"en_US\" \/>\n<meta property=\"og:type\" content=\"article\" \/>\n<meta property=\"og:title\" content=\"Joan Enric Catal\u00e0 - Fundaci\u00f3n Ecotic\" \/>\n<meta property=\"og:description\" content=\"[vc_row css_animation=&#8221;&#8221; row_type=&#8221;row&#8221; use_row_as_full_screen_section=&#8221;no&#8221; type=&#8221;grid&#8221; angled_section=&#8221;no&#8221; text_align=&#8221;left&#8221; background_image_as_pattern=&#8221;without_pattern&#8221; background_color=&#8221;#ffffff&#8221; css=&#8221;.vc_custom_1594803443160{margin-bottom: 0px !important;border-bottom-width: 0px !important;padding-bottom: 0px !important;background-color: #ededed !important;border-bottom-color: #ededed !important;}&#8221; z_index=&#8221;&#8221;][vc_column width=&#8221;2\/3&#8243;][vc_separator type=&#8221;transparent&#8221; thickness=&#8221;20&#8243;][vc_separator type=&#8221;transparent&#8221; thickness=&#8221;20&#8243;][vc_column_text el_class=&#8221;fontcolor #1c1c1b&#8221; css=&#8221;.vc_custom_1759751383141{padding-right: 20px !important;padding-left: 10px !important;}&#8221;] Joan Enric Catal\u00e0 &nbsp; Corber\u00f3 | Member of the Fundaci\u00f3n ECOTIC Board...\" \/>\n<meta property=\"og:url\" content=\"https:\/\/2024.memoriaecotic.com\/en\/01-purpose\/strategic-vision\/joan-eric-catala\/\" \/>\n<meta property=\"og:site_name\" content=\"Fundaci\u00f3n Ecotic\" \/>\n<meta property=\"article:publisher\" content=\"https:\/\/www.facebook.com\/ecotic.fundacion\" \/>\n<meta property=\"article:modified_time\" content=\"2025-10-06T11:52:20+00:00\" \/>\n<meta property=\"og:image\" content=\"https:\/\/2024.memoriaecotic.com\/wp-content\/uploads\/2025\/09\/ecotic_memoria-digital-25_01_38.jpg\" \/>\n\t<meta property=\"og:image:width\" content=\"700\" \/>\n\t<meta property=\"og:image:height\" content=\"565\" \/>\n\t<meta property=\"og:image:type\" content=\"image\/jpeg\" \/>\n<meta name=\"twitter:card\" content=\"summary_large_image\" \/>\n<meta name=\"twitter:site\" content=\"@FundacionECOTIC\" \/>\n<meta name=\"twitter:label1\" content=\"Est. reading time\" \/>\n\t<meta name=\"twitter:data1\" content=\"3 minutes\" \/>\n<script type=\"application\/ld+json\" class=\"yoast-schema-graph\">{\"@context\":\"https:\/\/schema.org\",\"@graph\":[{\"@type\":\"WebPage\",\"@id\":\"https:\/\/2024.memoriaecotic.com\/en\/01-purpose\/strategic-vision\/joan-eric-catala\/\",\"url\":\"https:\/\/2024.memoriaecotic.com\/en\/01-purpose\/strategic-vision\/joan-eric-catala\/\",\"name\":\"Joan Enric Catal\u00e0 - Fundaci\u00f3n Ecotic\",\"isPartOf\":{\"@id\":\"https:\/\/2024.memoriaecotic.com\/#website\"},\"primaryImageOfPage\":{\"@id\":\"https:\/\/2024.memoriaecotic.com\/en\/01-purpose\/strategic-vision\/joan-eric-catala\/#primaryimage\"},\"image\":{\"@id\":\"https:\/\/2024.memoriaecotic.com\/en\/01-purpose\/strategic-vision\/joan-eric-catala\/#primaryimage\"},\"thumbnailUrl\":\"https:\/\/2024.memoriaecotic.com\/wp-content\/uploads\/2025\/09\/ecotic_memoria-digital-25_01_38.jpg\",\"datePublished\":\"2025-09-25T14:47:21+00:00\",\"dateModified\":\"2025-10-06T11:52:20+00:00\",\"breadcrumb\":{\"@id\":\"https:\/\/2024.memoriaecotic.com\/en\/01-purpose\/strategic-vision\/joan-eric-catala\/#breadcrumb\"},\"inLanguage\":\"en-US\",\"potentialAction\":[{\"@type\":\"ReadAction\",\"target\":[\"https:\/\/2024.memoriaecotic.com\/en\/01-purpose\/strategic-vision\/joan-eric-catala\/\"]}]},{\"@type\":\"ImageObject\",\"inLanguage\":\"en-US\",\"@id\":\"https:\/\/2024.memoriaecotic.com\/en\/01-purpose\/strategic-vision\/joan-eric-catala\/#primaryimage\",\"url\":\"https:\/\/2024.memoriaecotic.com\/wp-content\/uploads\/2025\/09\/ecotic_memoria-digital-25_01_38.jpg\",\"contentUrl\":\"https:\/\/2024.memoriaecotic.com\/wp-content\/uploads\/2025\/09\/ecotic_memoria-digital-25_01_38.jpg\",\"width\":700,\"height\":565},{\"@type\":\"BreadcrumbList\",\"@id\":\"https:\/\/2024.memoriaecotic.com\/en\/01-purpose\/strategic-vision\/joan-eric-catala\/#breadcrumb\",\"itemListElement\":[{\"@type\":\"ListItem\",\"position\":1,\"name\":\"Portada\",\"item\":\"https:\/\/2024.memoriaecotic.com\/en\/\"},{\"@type\":\"ListItem\",\"position\":2,\"name\":\"01 Purpose\",\"item\":\"https:\/\/2024.memoriaecotic.com\/en\/01-purpose\/\"},{\"@type\":\"ListItem\",\"position\":3,\"name\":\"Strategic vision: the value of the Board of Trustees\",\"item\":\"https:\/\/2024.memoriaecotic.com\/en\/01-purpose\/strategic-vision\/\"},{\"@type\":\"ListItem\",\"position\":4,\"name\":\"Joan Enric Catal\u00e0\"}]},{\"@type\":\"WebSite\",\"@id\":\"https:\/\/2024.memoriaecotic.com\/#website\",\"url\":\"https:\/\/2024.memoriaecotic.com\/\",\"name\":\"Fundaci\u00f3n Ecotic\",\"description\":\"Memoria de Gesti\u00f3n 2024\",\"publisher\":{\"@id\":\"https:\/\/2024.memoriaecotic.com\/#organization\"},\"potentialAction\":[{\"@type\":\"SearchAction\",\"target\":{\"@type\":\"EntryPoint\",\"urlTemplate\":\"https:\/\/2024.memoriaecotic.com\/?s={search_term_string}\"},\"query-input\":{\"@type\":\"PropertyValueSpecification\",\"valueRequired\":true,\"valueName\":\"search_term_string\"}}],\"inLanguage\":\"en-US\"},{\"@type\":\"Organization\",\"@id\":\"https:\/\/2024.memoriaecotic.com\/#organization\",\"name\":\"Fundaci\u00f3n Ecotic\",\"url\":\"https:\/\/2024.memoriaecotic.com\/\",\"logo\":{\"@type\":\"ImageObject\",\"inLanguage\":\"en-US\",\"@id\":\"https:\/\/2024.memoriaecotic.com\/#\/schema\/logo\/image\/\",\"url\":\"https:\/\/2023.memoriaecotic.com\/wp-content\/uploads\/2023\/06\/eco_recyclingtocreate_3.svg\",\"contentUrl\":\"https:\/\/2023.memoriaecotic.com\/wp-content\/uploads\/2023\/06\/eco_recyclingtocreate_3.svg\",\"width\":1,\"height\":1,\"caption\":\"Fundaci\u00f3n Ecotic\"},\"image\":{\"@id\":\"https:\/\/2024.memoriaecotic.com\/#\/schema\/logo\/image\/\"},\"sameAs\":[\"https:\/\/www.facebook.com\/ecotic.fundacion\",\"https:\/\/x.com\/FundacionECOTIC\",\"https:\/\/www.linkedin.com\/company\/ecotic?trk=cws-cpw-coname-0-0\",\"https:\/\/www.youtube.com\/user\/FundacionECOTIC\"]}]}<\/script>\n<!-- \/ Yoast SEO plugin. -->","yoast_head_json":{"title":"Joan Enric Catal\u00e0 - Fundaci\u00f3n Ecotic","robots":{"index":"index","follow":"follow","max-snippet":"max-snippet:-1","max-image-preview":"max-image-preview:large","max-video-preview":"max-video-preview:-1"},"canonical":"https:\/\/2024.memoriaecotic.com\/en\/01-purpose\/strategic-vision\/joan-eric-catala\/","og_locale":"en_US","og_type":"article","og_title":"Joan Enric Catal\u00e0 - Fundaci\u00f3n Ecotic","og_description":"[vc_row css_animation=&#8221;&#8221; row_type=&#8221;row&#8221; use_row_as_full_screen_section=&#8221;no&#8221; type=&#8221;grid&#8221; angled_section=&#8221;no&#8221; text_align=&#8221;left&#8221; background_image_as_pattern=&#8221;without_pattern&#8221; background_color=&#8221;#ffffff&#8221; css=&#8221;.vc_custom_1594803443160{margin-bottom: 0px !important;border-bottom-width: 0px !important;padding-bottom: 0px !important;background-color: #ededed !important;border-bottom-color: #ededed !important;}&#8221; z_index=&#8221;&#8221;][vc_column width=&#8221;2\/3&#8243;][vc_separator type=&#8221;transparent&#8221; thickness=&#8221;20&#8243;][vc_separator type=&#8221;transparent&#8221; thickness=&#8221;20&#8243;][vc_column_text el_class=&#8221;fontcolor #1c1c1b&#8221; css=&#8221;.vc_custom_1759751383141{padding-right: 20px !important;padding-left: 10px !important;}&#8221;] Joan Enric Catal\u00e0 &nbsp; Corber\u00f3 | Member of the Fundaci\u00f3n ECOTIC Board...","og_url":"https:\/\/2024.memoriaecotic.com\/en\/01-purpose\/strategic-vision\/joan-eric-catala\/","og_site_name":"Fundaci\u00f3n Ecotic","article_publisher":"https:\/\/www.facebook.com\/ecotic.fundacion","article_modified_time":"2025-10-06T11:52:20+00:00","og_image":[{"width":700,"height":565,"url":"https:\/\/2024.memoriaecotic.com\/wp-content\/uploads\/2025\/09\/ecotic_memoria-digital-25_01_38.jpg","type":"image\/jpeg"}],"twitter_card":"summary_large_image","twitter_site":"@FundacionECOTIC","twitter_misc":{"Est. reading time":"3 minutes"},"schema":{"@context":"https:\/\/schema.org","@graph":[{"@type":"WebPage","@id":"https:\/\/2024.memoriaecotic.com\/en\/01-purpose\/strategic-vision\/joan-eric-catala\/","url":"https:\/\/2024.memoriaecotic.com\/en\/01-purpose\/strategic-vision\/joan-eric-catala\/","name":"Joan Enric Catal\u00e0 - Fundaci\u00f3n Ecotic","isPartOf":{"@id":"https:\/\/2024.memoriaecotic.com\/#website"},"primaryImageOfPage":{"@id":"https:\/\/2024.memoriaecotic.com\/en\/01-purpose\/strategic-vision\/joan-eric-catala\/#primaryimage"},"image":{"@id":"https:\/\/2024.memoriaecotic.com\/en\/01-purpose\/strategic-vision\/joan-eric-catala\/#primaryimage"},"thumbnailUrl":"https:\/\/2024.memoriaecotic.com\/wp-content\/uploads\/2025\/09\/ecotic_memoria-digital-25_01_38.jpg","datePublished":"2025-09-25T14:47:21+00:00","dateModified":"2025-10-06T11:52:20+00:00","breadcrumb":{"@id":"https:\/\/2024.memoriaecotic.com\/en\/01-purpose\/strategic-vision\/joan-eric-catala\/#breadcrumb"},"inLanguage":"en-US","potentialAction":[{"@type":"ReadAction","target":["https:\/\/2024.memoriaecotic.com\/en\/01-purpose\/strategic-vision\/joan-eric-catala\/"]}]},{"@type":"ImageObject","inLanguage":"en-US","@id":"https:\/\/2024.memoriaecotic.com\/en\/01-purpose\/strategic-vision\/joan-eric-catala\/#primaryimage","url":"https:\/\/2024.memoriaecotic.com\/wp-content\/uploads\/2025\/09\/ecotic_memoria-digital-25_01_38.jpg","contentUrl":"https:\/\/2024.memoriaecotic.com\/wp-content\/uploads\/2025\/09\/ecotic_memoria-digital-25_01_38.jpg","width":700,"height":565},{"@type":"BreadcrumbList","@id":"https:\/\/2024.memoriaecotic.com\/en\/01-purpose\/strategic-vision\/joan-eric-catala\/#breadcrumb","itemListElement":[{"@type":"ListItem","position":1,"name":"Portada","item":"https:\/\/2024.memoriaecotic.com\/en\/"},{"@type":"ListItem","position":2,"name":"01 Purpose","item":"https:\/\/2024.memoriaecotic.com\/en\/01-purpose\/"},{"@type":"ListItem","position":3,"name":"Strategic vision: the value of the Board of Trustees","item":"https:\/\/2024.memoriaecotic.com\/en\/01-purpose\/strategic-vision\/"},{"@type":"ListItem","position":4,"name":"Joan Enric Catal\u00e0"}]},{"@type":"WebSite","@id":"https:\/\/2024.memoriaecotic.com\/#website","url":"https:\/\/2024.memoriaecotic.com\/","name":"Fundaci\u00f3n Ecotic","description":"Memoria de Gesti\u00f3n 2024","publisher":{"@id":"https:\/\/2024.memoriaecotic.com\/#organization"},"potentialAction":[{"@type":"SearchAction","target":{"@type":"EntryPoint","urlTemplate":"https:\/\/2024.memoriaecotic.com\/?s={search_term_string}"},"query-input":{"@type":"PropertyValueSpecification","valueRequired":true,"valueName":"search_term_string"}}],"inLanguage":"en-US"},{"@type":"Organization","@id":"https:\/\/2024.memoriaecotic.com\/#organization","name":"Fundaci\u00f3n Ecotic","url":"https:\/\/2024.memoriaecotic.com\/","logo":{"@type":"ImageObject","inLanguage":"en-US","@id":"https:\/\/2024.memoriaecotic.com\/#\/schema\/logo\/image\/","url":"https:\/\/2023.memoriaecotic.com\/wp-content\/uploads\/2023\/06\/eco_recyclingtocreate_3.svg","contentUrl":"https:\/\/2023.memoriaecotic.com\/wp-content\/uploads\/2023\/06\/eco_recyclingtocreate_3.svg","width":1,"height":1,"caption":"Fundaci\u00f3n Ecotic"},"image":{"@id":"https:\/\/2024.memoriaecotic.com\/#\/schema\/logo\/image\/"},"sameAs":["https:\/\/www.facebook.com\/ecotic.fundacion","https:\/\/x.com\/FundacionECOTIC","https:\/\/www.linkedin.com\/company\/ecotic?trk=cws-cpw-coname-0-0","https:\/\/www.youtube.com\/user\/FundacionECOTIC"]}]}},"_links":{"self":[{"href":"https:\/\/2024.memoriaecotic.com\/en\/wp-json\/wp\/v2\/pages\/26090","targetHints":{"allow":["GET"]}}],"collection":[{"href":"https:\/\/2024.memoriaecotic.com\/en\/wp-json\/wp\/v2\/pages"}],"about":[{"href":"https:\/\/2024.memoriaecotic.com\/en\/wp-json\/wp\/v2\/types\/page"}],"author":[{"embeddable":true,"href":"https:\/\/2024.memoriaecotic.com\/en\/wp-json\/wp\/v2\/users\/15"}],"replies":[{"embeddable":true,"href":"https:\/\/2024.memoriaecotic.com\/en\/wp-json\/wp\/v2\/comments?post=26090"}],"version-history":[{"count":3,"href":"https:\/\/2024.memoriaecotic.com\/en\/wp-json\/wp\/v2\/pages\/26090\/revisions"}],"predecessor-version":[{"id":26206,"href":"https:\/\/2024.memoriaecotic.com\/en\/wp-json\/wp\/v2\/pages\/26090\/revisions\/26206"}],"up":[{"embeddable":true,"href":"https:\/\/2024.memoriaecotic.com\/en\/wp-json\/wp\/v2\/pages\/26111"}],"wp:featuredmedia":[{"embeddable":true,"href":"https:\/\/2024.memoriaecotic.com\/en\/wp-json\/wp\/v2\/media\/25586"}],"wp:attachment":[{"href":"https:\/\/2024.memoriaecotic.com\/en\/wp-json\/wp\/v2\/media?parent=26090"}],"curies":[{"name":"wp","href":"https:\/\/api.w.org\/{rel}","templated":true}]}}