{"id":26084,"date":"2025-09-25T15:38:36","date_gmt":"2025-09-25T14:38:36","guid":{"rendered":"https:\/\/2024.memoriaecotic.com\/bienvenidos\/ivan-martin\/"},"modified":"2025-10-06T12:43:00","modified_gmt":"2025-10-06T11:43:00","slug":"ivan-martin","status":"publish","type":"page","link":"https:\/\/2024.memoriaecotic.com\/en\/01-purpose\/strategic-vision\/ivan-martin\/","title":{"rendered":"Iv\u00e1n Mart\u00edn"},"content":{"rendered":"<p>[vc_row css_animation=&#8221;&#8221; row_type=&#8221;row&#8221; use_row_as_full_screen_section=&#8221;no&#8221; type=&#8221;grid&#8221; angled_section=&#8221;no&#8221; text_align=&#8221;left&#8221; background_image_as_pattern=&#8221;without_pattern&#8221; background_color=&#8221;#ffffff&#8221; css=&#8221;.vc_custom_1594803443160{margin-bottom: 0px !important;border-bottom-width: 0px !important;padding-bottom: 0px !important;background-color: #ededed !important;border-bottom-color: #ededed !important;}&#8221; z_index=&#8221;&#8221;][vc_column width=&#8221;2\/3&#8243;][vc_separator type=&#8221;transparent&#8221; thickness=&#8221;20&#8243;][vc_separator type=&#8221;transparent&#8221; thickness=&#8221;20&#8243;][vc_column_text el_class=&#8221;fontcolor #1c1c1b&#8221; css=&#8221;.vc_custom_1759750776635{padding-right: 20px !important;padding-left: 10px !important;}&#8221;]<\/p>\n<h2>Iv\u00e1n Mart\u00edn<\/h2>\n<p>&nbsp;<\/p>\n<p><strong>DAIKIN<\/strong> | Second Vice-Chairman of the Fundaci\u00f3n ECOTIC Board of Trustees and Board Member of Fundaci\u00f3n ECOTIC Clima and ECOTIC Entidad Administradora S.L.[\/vc_column_text][vc_separator type=&#8221;transparent&#8221; thickness=&#8221;20&#8243;][vc_separator type=&#8221;transparent&#8221; thickness=&#8221;20&#8243;][vc_column_text css=&#8221;.vc_custom_1759750839928{padding-right: 30px !important;padding-left: 10px !important;}&#8221;]<\/p>\n<h5>\u201cSustainability is not an option; it is part of our corporate culture and a responsibility we must share collectively, from design to recycling.\u201d<\/h5>\n<p>[\/vc_column_text][\/vc_column][vc_column width=&#8221;1\/3&#8243;][vc_separator type=&#8221;transparent&#8221; thickness=&#8221;20&#8243;][vc_single_image image=&#8221;25570&#8243; img_size=&#8221;full&#8221; alignment=&#8221;center&#8221; qode_css_animation=&#8221;&#8221; css=&#8221;.vc_custom_1758810793275{padding-top: 0px !important;padding-bottom: 0px !important;}&#8221;][\/vc_column][\/vc_row][vc_row css_animation=&#8221;&#8221; row_type=&#8221;row&#8221; use_row_as_full_screen_section=&#8221;no&#8221; type=&#8221;grid&#8221; angled_section=&#8221;no&#8221; text_align=&#8221;left&#8221; background_image_as_pattern=&#8221;without_pattern&#8221; background_color=&#8221;#ffffff&#8221;][vc_column width=&#8221;1\/6&#8243;][\/vc_column][vc_column width=&#8221;2\/3&#8243;][vc_separator type=&#8221;transparent&#8221; thickness=&#8221;20&#8243;][vc_separator type=&#8221;transparent&#8221; thickness=&#8221;20&#8243;][vc_column_text css=&#8221;.vc_custom_1759750900891{padding-right: 15px !important;padding-left: 15px !important;}&#8221;]<strong><span style=\"color: #005196;\">What role should producers play in accelerating the transition to a truly circular model in the electronics sector?<\/span><\/strong><\/p>\n<p>&nbsp;<\/p>\n<p class=\"p1\">Producers must take a leading role in the transition to a circular model, as they can influence every stage of a product\u2019s life cycle. From eco-design, with a strong focus on reducing raw materials and reintroducing recovered materials, to specific initiatives such as using regenerated refrigerant gases, like the \u201cLooP by DAIKIN\u201d programme, which avoids the production of new refrigerants and reduces emissions. Sustainability has become a key focus of our R&amp;D and is embedded in our corporate culture. But this responsibility goes beyond design. Extended Producer Responsibility obliges us to ensure the proper collection, treatment and recovery of WEEE.<\/p>\n<p class=\"p2\">To achieve this, we must coordinate all stakeholders \u2013 waste managers, distributors, consumers and public authorities \u2013 in a concerted effort. We also have a duty to communicate clearly and honestly with consumers, helping them to better understand the real impact of their behaviour and empowering them to play an active and responsible part in this circular model.<\/p>\n<p>[\/vc_column_text][vc_separator type=&#8221;transparent&#8221; thickness=&#8221;20&#8243;][vc_column_text css=&#8221;.vc_custom_1759750949109{padding-right: 15px !important;padding-left: 15px !important;}&#8221;]<strong><span style=\"color: #005196;\">What barriers hinder consumer involvement in WEEE recycling and how can they be overcome?<br \/>\n<\/span><\/strong><\/p>\n<p>&nbsp;<\/p>\n<p class=\"p1\">Misinformation and conflicting messages remain significant barriers. Many consumers are unsure what to do with their WEEE or lack confidence in the current recycling system. As a sector, we need to simplify our message, provide accurate and transparent data, and share the effort involved in managing this waste. Only with clear and consistent communication will we build the trust needed to encourage more active participation.<\/p>\n<p class=\"p2\">Another challenge is the absence of tangible incentives. Many consumers do not perceive a direct benefit from recycling and see it merely as an obligation. We must therefore explain clearly the social, economic and environmental benefits of their actions. Quantifying the positive impact with concrete figures and real examples helps create an emotional connection with citizens and reinforces the idea that their involvement is vital to the system\u2019s success.<\/p>\n<p>[\/vc_column_text][vc_separator type=&#8221;transparent&#8221; thickness=&#8221;20&#8243;][vc_column_text css=&#8221;.vc_custom_1759750974297{padding-right: 15px !important;padding-left: 15px !important;}&#8221;]<strong><span style=\"color: #005196;\">What sets ECOTIC apart as an Extended Producer Responsibility Collective System (EPRCS) in an increasingly demanding sustainability and regulatory landscape after 20 years?<br \/>\n<\/span><\/strong><\/p>\n<p>&nbsp;<\/p>\n<p class=\"p1\">Over its 20-year history, ECOTIC has shown a consistent ability to adapt to a changing and increasingly complex environment: from evolving regulations and sector growth to the rise in stakeholders and greater environmental awareness. Throughout this time, it has demonstrated remarkable foresight, adaptability and commitment to the producers it represents, becoming a benchmark in the field of sustainability.<\/p>\n<p class=\"p2\">Yet its greatest distinguishing strength is, without doubt, its exceptional people: highly experienced, dedicated professionals whose expertise has been crucial to ECOTIC\u2019s ongoing development and will remain vital for successfully meeting future challenges. Thanks to this remarkable team, I am confident that ECOTIC will continue to lead in WEEE management and in actively promoting a more circular, sustainable model.<\/p>\n<p>[\/vc_column_text][vc_separator type=&#8221;transparent&#8221;][\/vc_column][vc_column width=&#8221;1\/6&#8243;][\/vc_column][\/vc_row][vc_row css_animation=&#8221;&#8221; row_type=&#8221;row&#8221; use_row_as_full_screen_section=&#8221;no&#8221; type=&#8221;grid&#8221; angled_section=&#8221;no&#8221; text_align=&#8221;left&#8221; background_image_as_pattern=&#8221;without_pattern&#8221; background_color=&#8221;#ffffff&#8221; css=&#8221;.vc_custom_1495537924266{padding-top: 0px !important;padding-bottom: 0px !important;}&#8221;][vc_column][vc_separator type=&#8221;transparent&#8221; thickness=&#8221;80&#8243;][\/vc_column][\/vc_row]<\/p>\n","protected":false},"excerpt":{"rendered":"<p>[vc_row css_animation=&#8221;&#8221; row_type=&#8221;row&#8221; use_row_as_full_screen_section=&#8221;no&#8221; type=&#8221;grid&#8221; angled_section=&#8221;no&#8221; text_align=&#8221;left&#8221; background_image_as_pattern=&#8221;without_pattern&#8221; background_color=&#8221;#ffffff&#8221; css=&#8221;.vc_custom_1594803443160{margin-bottom: 0px !important;border-bottom-width: 0px !important;padding-bottom: 0px !important;background-color: #ededed !important;border-bottom-color: #ededed !important;}&#8221; z_index=&#8221;&#8221;][vc_column width=&#8221;2\/3&#8243;][vc_separator type=&#8221;transparent&#8221; thickness=&#8221;20&#8243;][vc_separator type=&#8221;transparent&#8221; thickness=&#8221;20&#8243;][vc_column_text el_class=&#8221;fontcolor #1c1c1b&#8221; css=&#8221;.vc_custom_1759750776635{padding-right: 20px !important;padding-left: 10px !important;}&#8221;] Iv\u00e1n Mart\u00edn &nbsp; DAIKIN | Second Vice-Chairman of the Fundaci\u00f3n ECOTIC Board&#8230;<\/p>\n","protected":false},"author":15,"featured_media":25571,"parent":26111,"menu_order":12,"comment_status":"closed","ping_status":"closed","template":"full_width.php","meta":{"footnotes":""},"class_list":["post-26084","page","type-page","status-publish","has-post-thumbnail","hentry"],"yoast_head":"<!-- This site is optimized with the Yoast SEO plugin v27.2 - https:\/\/yoast.com\/product\/yoast-seo-wordpress\/ -->\n<title>Iv\u00e1n Mart\u00edn - Fundaci\u00f3n Ecotic<\/title>\n<meta name=\"robots\" content=\"index, follow, max-snippet:-1, max-image-preview:large, max-video-preview:-1\" \/>\n<link rel=\"canonical\" href=\"https:\/\/2024.memoriaecotic.com\/en\/01-purpose\/strategic-vision\/ivan-martin\/\" \/>\n<meta property=\"og:locale\" content=\"en_US\" \/>\n<meta property=\"og:type\" content=\"article\" \/>\n<meta property=\"og:title\" content=\"Iv\u00e1n Mart\u00edn - Fundaci\u00f3n Ecotic\" \/>\n<meta property=\"og:description\" content=\"[vc_row css_animation=&#8221;&#8221; row_type=&#8221;row&#8221; use_row_as_full_screen_section=&#8221;no&#8221; type=&#8221;grid&#8221; angled_section=&#8221;no&#8221; text_align=&#8221;left&#8221; background_image_as_pattern=&#8221;without_pattern&#8221; background_color=&#8221;#ffffff&#8221; css=&#8221;.vc_custom_1594803443160{margin-bottom: 0px !important;border-bottom-width: 0px !important;padding-bottom: 0px !important;background-color: #ededed !important;border-bottom-color: #ededed !important;}&#8221; z_index=&#8221;&#8221;][vc_column width=&#8221;2\/3&#8243;][vc_separator type=&#8221;transparent&#8221; thickness=&#8221;20&#8243;][vc_separator type=&#8221;transparent&#8221; thickness=&#8221;20&#8243;][vc_column_text el_class=&#8221;fontcolor #1c1c1b&#8221; css=&#8221;.vc_custom_1759750776635{padding-right: 20px !important;padding-left: 10px !important;}&#8221;] Iv\u00e1n Mart\u00edn &nbsp; DAIKIN | Second Vice-Chairman of the Fundaci\u00f3n ECOTIC Board...\" \/>\n<meta property=\"og:url\" content=\"https:\/\/2024.memoriaecotic.com\/en\/01-purpose\/strategic-vision\/ivan-martin\/\" \/>\n<meta property=\"og:site_name\" content=\"Fundaci\u00f3n Ecotic\" \/>\n<meta property=\"article:publisher\" content=\"https:\/\/www.facebook.com\/ecotic.fundacion\" \/>\n<meta property=\"article:modified_time\" content=\"2025-10-06T11:43:00+00:00\" \/>\n<meta property=\"og:image\" content=\"https:\/\/2024.memoriaecotic.com\/wp-content\/uploads\/2025\/09\/ecotic_memoria-digital-25_01_36.jpg\" \/>\n\t<meta property=\"og:image:width\" content=\"700\" \/>\n\t<meta property=\"og:image:height\" content=\"565\" \/>\n\t<meta property=\"og:image:type\" content=\"image\/jpeg\" \/>\n<meta name=\"twitter:card\" content=\"summary_large_image\" \/>\n<meta name=\"twitter:site\" content=\"@FundacionECOTIC\" \/>\n<meta name=\"twitter:label1\" content=\"Est. reading time\" \/>\n\t<meta name=\"twitter:data1\" content=\"4 minutes\" \/>\n<script type=\"application\/ld+json\" class=\"yoast-schema-graph\">{\"@context\":\"https:\/\/schema.org\",\"@graph\":[{\"@type\":\"WebPage\",\"@id\":\"https:\/\/2024.memoriaecotic.com\/en\/01-purpose\/strategic-vision\/ivan-martin\/\",\"url\":\"https:\/\/2024.memoriaecotic.com\/en\/01-purpose\/strategic-vision\/ivan-martin\/\",\"name\":\"Iv\u00e1n Mart\u00edn - Fundaci\u00f3n Ecotic\",\"isPartOf\":{\"@id\":\"https:\/\/2024.memoriaecotic.com\/#website\"},\"primaryImageOfPage\":{\"@id\":\"https:\/\/2024.memoriaecotic.com\/en\/01-purpose\/strategic-vision\/ivan-martin\/#primaryimage\"},\"image\":{\"@id\":\"https:\/\/2024.memoriaecotic.com\/en\/01-purpose\/strategic-vision\/ivan-martin\/#primaryimage\"},\"thumbnailUrl\":\"https:\/\/2024.memoriaecotic.com\/wp-content\/uploads\/2025\/09\/ecotic_memoria-digital-25_01_36.jpg\",\"datePublished\":\"2025-09-25T14:38:36+00:00\",\"dateModified\":\"2025-10-06T11:43:00+00:00\",\"breadcrumb\":{\"@id\":\"https:\/\/2024.memoriaecotic.com\/en\/01-purpose\/strategic-vision\/ivan-martin\/#breadcrumb\"},\"inLanguage\":\"en-US\",\"potentialAction\":[{\"@type\":\"ReadAction\",\"target\":[\"https:\/\/2024.memoriaecotic.com\/en\/01-purpose\/strategic-vision\/ivan-martin\/\"]}]},{\"@type\":\"ImageObject\",\"inLanguage\":\"en-US\",\"@id\":\"https:\/\/2024.memoriaecotic.com\/en\/01-purpose\/strategic-vision\/ivan-martin\/#primaryimage\",\"url\":\"https:\/\/2024.memoriaecotic.com\/wp-content\/uploads\/2025\/09\/ecotic_memoria-digital-25_01_36.jpg\",\"contentUrl\":\"https:\/\/2024.memoriaecotic.com\/wp-content\/uploads\/2025\/09\/ecotic_memoria-digital-25_01_36.jpg\",\"width\":700,\"height\":565},{\"@type\":\"BreadcrumbList\",\"@id\":\"https:\/\/2024.memoriaecotic.com\/en\/01-purpose\/strategic-vision\/ivan-martin\/#breadcrumb\",\"itemListElement\":[{\"@type\":\"ListItem\",\"position\":1,\"name\":\"Portada\",\"item\":\"https:\/\/2024.memoriaecotic.com\/en\/\"},{\"@type\":\"ListItem\",\"position\":2,\"name\":\"01 Purpose\",\"item\":\"https:\/\/2024.memoriaecotic.com\/en\/01-purpose\/\"},{\"@type\":\"ListItem\",\"position\":3,\"name\":\"Strategic vision: the value of the Board of Trustees\",\"item\":\"https:\/\/2024.memoriaecotic.com\/en\/01-purpose\/strategic-vision\/\"},{\"@type\":\"ListItem\",\"position\":4,\"name\":\"Iv\u00e1n Mart\u00edn\"}]},{\"@type\":\"WebSite\",\"@id\":\"https:\/\/2024.memoriaecotic.com\/#website\",\"url\":\"https:\/\/2024.memoriaecotic.com\/\",\"name\":\"Fundaci\u00f3n Ecotic\",\"description\":\"Memoria de Gesti\u00f3n 2024\",\"publisher\":{\"@id\":\"https:\/\/2024.memoriaecotic.com\/#organization\"},\"potentialAction\":[{\"@type\":\"SearchAction\",\"target\":{\"@type\":\"EntryPoint\",\"urlTemplate\":\"https:\/\/2024.memoriaecotic.com\/?s={search_term_string}\"},\"query-input\":{\"@type\":\"PropertyValueSpecification\",\"valueRequired\":true,\"valueName\":\"search_term_string\"}}],\"inLanguage\":\"en-US\"},{\"@type\":\"Organization\",\"@id\":\"https:\/\/2024.memoriaecotic.com\/#organization\",\"name\":\"Fundaci\u00f3n Ecotic\",\"url\":\"https:\/\/2024.memoriaecotic.com\/\",\"logo\":{\"@type\":\"ImageObject\",\"inLanguage\":\"en-US\",\"@id\":\"https:\/\/2024.memoriaecotic.com\/#\/schema\/logo\/image\/\",\"url\":\"https:\/\/2023.memoriaecotic.com\/wp-content\/uploads\/2023\/06\/eco_recyclingtocreate_3.svg\",\"contentUrl\":\"https:\/\/2023.memoriaecotic.com\/wp-content\/uploads\/2023\/06\/eco_recyclingtocreate_3.svg\",\"width\":1,\"height\":1,\"caption\":\"Fundaci\u00f3n Ecotic\"},\"image\":{\"@id\":\"https:\/\/2024.memoriaecotic.com\/#\/schema\/logo\/image\/\"},\"sameAs\":[\"https:\/\/www.facebook.com\/ecotic.fundacion\",\"https:\/\/x.com\/FundacionECOTIC\",\"https:\/\/www.linkedin.com\/company\/ecotic?trk=cws-cpw-coname-0-0\",\"https:\/\/www.youtube.com\/user\/FundacionECOTIC\"]}]}<\/script>\n<!-- \/ Yoast SEO plugin. -->","yoast_head_json":{"title":"Iv\u00e1n Mart\u00edn - Fundaci\u00f3n Ecotic","robots":{"index":"index","follow":"follow","max-snippet":"max-snippet:-1","max-image-preview":"max-image-preview:large","max-video-preview":"max-video-preview:-1"},"canonical":"https:\/\/2024.memoriaecotic.com\/en\/01-purpose\/strategic-vision\/ivan-martin\/","og_locale":"en_US","og_type":"article","og_title":"Iv\u00e1n Mart\u00edn - Fundaci\u00f3n Ecotic","og_description":"[vc_row css_animation=&#8221;&#8221; row_type=&#8221;row&#8221; use_row_as_full_screen_section=&#8221;no&#8221; type=&#8221;grid&#8221; angled_section=&#8221;no&#8221; text_align=&#8221;left&#8221; background_image_as_pattern=&#8221;without_pattern&#8221; background_color=&#8221;#ffffff&#8221; css=&#8221;.vc_custom_1594803443160{margin-bottom: 0px !important;border-bottom-width: 0px !important;padding-bottom: 0px !important;background-color: #ededed !important;border-bottom-color: #ededed !important;}&#8221; z_index=&#8221;&#8221;][vc_column width=&#8221;2\/3&#8243;][vc_separator type=&#8221;transparent&#8221; thickness=&#8221;20&#8243;][vc_separator type=&#8221;transparent&#8221; thickness=&#8221;20&#8243;][vc_column_text el_class=&#8221;fontcolor #1c1c1b&#8221; css=&#8221;.vc_custom_1759750776635{padding-right: 20px !important;padding-left: 10px !important;}&#8221;] Iv\u00e1n Mart\u00edn &nbsp; DAIKIN | Second Vice-Chairman of the Fundaci\u00f3n ECOTIC Board...","og_url":"https:\/\/2024.memoriaecotic.com\/en\/01-purpose\/strategic-vision\/ivan-martin\/","og_site_name":"Fundaci\u00f3n Ecotic","article_publisher":"https:\/\/www.facebook.com\/ecotic.fundacion","article_modified_time":"2025-10-06T11:43:00+00:00","og_image":[{"width":700,"height":565,"url":"https:\/\/2024.memoriaecotic.com\/wp-content\/uploads\/2025\/09\/ecotic_memoria-digital-25_01_36.jpg","type":"image\/jpeg"}],"twitter_card":"summary_large_image","twitter_site":"@FundacionECOTIC","twitter_misc":{"Est. reading time":"4 minutes"},"schema":{"@context":"https:\/\/schema.org","@graph":[{"@type":"WebPage","@id":"https:\/\/2024.memoriaecotic.com\/en\/01-purpose\/strategic-vision\/ivan-martin\/","url":"https:\/\/2024.memoriaecotic.com\/en\/01-purpose\/strategic-vision\/ivan-martin\/","name":"Iv\u00e1n Mart\u00edn - Fundaci\u00f3n Ecotic","isPartOf":{"@id":"https:\/\/2024.memoriaecotic.com\/#website"},"primaryImageOfPage":{"@id":"https:\/\/2024.memoriaecotic.com\/en\/01-purpose\/strategic-vision\/ivan-martin\/#primaryimage"},"image":{"@id":"https:\/\/2024.memoriaecotic.com\/en\/01-purpose\/strategic-vision\/ivan-martin\/#primaryimage"},"thumbnailUrl":"https:\/\/2024.memoriaecotic.com\/wp-content\/uploads\/2025\/09\/ecotic_memoria-digital-25_01_36.jpg","datePublished":"2025-09-25T14:38:36+00:00","dateModified":"2025-10-06T11:43:00+00:00","breadcrumb":{"@id":"https:\/\/2024.memoriaecotic.com\/en\/01-purpose\/strategic-vision\/ivan-martin\/#breadcrumb"},"inLanguage":"en-US","potentialAction":[{"@type":"ReadAction","target":["https:\/\/2024.memoriaecotic.com\/en\/01-purpose\/strategic-vision\/ivan-martin\/"]}]},{"@type":"ImageObject","inLanguage":"en-US","@id":"https:\/\/2024.memoriaecotic.com\/en\/01-purpose\/strategic-vision\/ivan-martin\/#primaryimage","url":"https:\/\/2024.memoriaecotic.com\/wp-content\/uploads\/2025\/09\/ecotic_memoria-digital-25_01_36.jpg","contentUrl":"https:\/\/2024.memoriaecotic.com\/wp-content\/uploads\/2025\/09\/ecotic_memoria-digital-25_01_36.jpg","width":700,"height":565},{"@type":"BreadcrumbList","@id":"https:\/\/2024.memoriaecotic.com\/en\/01-purpose\/strategic-vision\/ivan-martin\/#breadcrumb","itemListElement":[{"@type":"ListItem","position":1,"name":"Portada","item":"https:\/\/2024.memoriaecotic.com\/en\/"},{"@type":"ListItem","position":2,"name":"01 Purpose","item":"https:\/\/2024.memoriaecotic.com\/en\/01-purpose\/"},{"@type":"ListItem","position":3,"name":"Strategic vision: the value of the Board of Trustees","item":"https:\/\/2024.memoriaecotic.com\/en\/01-purpose\/strategic-vision\/"},{"@type":"ListItem","position":4,"name":"Iv\u00e1n Mart\u00edn"}]},{"@type":"WebSite","@id":"https:\/\/2024.memoriaecotic.com\/#website","url":"https:\/\/2024.memoriaecotic.com\/","name":"Fundaci\u00f3n Ecotic","description":"Memoria de Gesti\u00f3n 2024","publisher":{"@id":"https:\/\/2024.memoriaecotic.com\/#organization"},"potentialAction":[{"@type":"SearchAction","target":{"@type":"EntryPoint","urlTemplate":"https:\/\/2024.memoriaecotic.com\/?s={search_term_string}"},"query-input":{"@type":"PropertyValueSpecification","valueRequired":true,"valueName":"search_term_string"}}],"inLanguage":"en-US"},{"@type":"Organization","@id":"https:\/\/2024.memoriaecotic.com\/#organization","name":"Fundaci\u00f3n Ecotic","url":"https:\/\/2024.memoriaecotic.com\/","logo":{"@type":"ImageObject","inLanguage":"en-US","@id":"https:\/\/2024.memoriaecotic.com\/#\/schema\/logo\/image\/","url":"https:\/\/2023.memoriaecotic.com\/wp-content\/uploads\/2023\/06\/eco_recyclingtocreate_3.svg","contentUrl":"https:\/\/2023.memoriaecotic.com\/wp-content\/uploads\/2023\/06\/eco_recyclingtocreate_3.svg","width":1,"height":1,"caption":"Fundaci\u00f3n Ecotic"},"image":{"@id":"https:\/\/2024.memoriaecotic.com\/#\/schema\/logo\/image\/"},"sameAs":["https:\/\/www.facebook.com\/ecotic.fundacion","https:\/\/x.com\/FundacionECOTIC","https:\/\/www.linkedin.com\/company\/ecotic?trk=cws-cpw-coname-0-0","https:\/\/www.youtube.com\/user\/FundacionECOTIC"]}]}},"_links":{"self":[{"href":"https:\/\/2024.memoriaecotic.com\/en\/wp-json\/wp\/v2\/pages\/26084","targetHints":{"allow":["GET"]}}],"collection":[{"href":"https:\/\/2024.memoriaecotic.com\/en\/wp-json\/wp\/v2\/pages"}],"about":[{"href":"https:\/\/2024.memoriaecotic.com\/en\/wp-json\/wp\/v2\/types\/page"}],"author":[{"embeddable":true,"href":"https:\/\/2024.memoriaecotic.com\/en\/wp-json\/wp\/v2\/users\/15"}],"replies":[{"embeddable":true,"href":"https:\/\/2024.memoriaecotic.com\/en\/wp-json\/wp\/v2\/comments?post=26084"}],"version-history":[{"count":3,"href":"https:\/\/2024.memoriaecotic.com\/en\/wp-json\/wp\/v2\/pages\/26084\/revisions"}],"predecessor-version":[{"id":26202,"href":"https:\/\/2024.memoriaecotic.com\/en\/wp-json\/wp\/v2\/pages\/26084\/revisions\/26202"}],"up":[{"embeddable":true,"href":"https:\/\/2024.memoriaecotic.com\/en\/wp-json\/wp\/v2\/pages\/26111"}],"wp:featuredmedia":[{"embeddable":true,"href":"https:\/\/2024.memoriaecotic.com\/en\/wp-json\/wp\/v2\/media\/25571"}],"wp:attachment":[{"href":"https:\/\/2024.memoriaecotic.com\/en\/wp-json\/wp\/v2\/media?parent=26084"}],"curies":[{"name":"wp","href":"https:\/\/api.w.org\/{rel}","templated":true}]}}